{"id":59460,"date":"2026-04-02T13:24:42","date_gmt":"2026-04-02T13:24:42","guid":{"rendered":"https:\/\/galeragroup.com\/restaurants\/sevilla\/taburete\/grups-i-esdeveniments\/"},"modified":"2026-04-02T16:09:45","modified_gmt":"2026-04-02T16:09:45","slug":"grups-i-esdeveniments","status":"publish","type":"page","link":"https:\/\/galeragroup.com\/ca\/restaurants\/sevilla\/taburete\/grups-i-esdeveniments\/","title":{"rendered":"GRUPS I ESDEVENIMENTS"},"content":{"rendered":"\t\t<div data-elementor-type=\"wp-page\" data-elementor-id=\"59460\" class=\"elementor elementor-59460 elementor-59432\" data-elementor-post-type=\"page\">\n\t\t\t\t<div class=\"elementor-element elementor-element-76bebec e-flex e-con-boxed e-con e-parent\" data-id=\"76bebec\" data-element_type=\"container\">\n\t\t\t\t\t<div class=\"e-con-inner\">\n\t\t\t\t<div class=\"elementor-element elementor-element-56a9532 elementor-widget elementor-widget-heading\" data-id=\"56a9532\" data-element_type=\"widget\" data-widget_type=\"heading.default\">\n\t\t\t\t<div class=\"elementor-widget-container\">\n\t\t\t\t\t<h2 class=\"elementor-heading-title elementor-size-default\">GRUPS I ESDEVENIMENTS<\/h2>\t\t\t\t<\/div>\n\t\t\t\t<\/div>\n\t\t\t\t\t<\/div>\n\t\t\t\t<\/div>\n\t\t<div class=\"elementor-element elementor-element-f7ca990 e-flex e-con-boxed e-con e-parent\" data-id=\"f7ca990\" data-element_type=\"container\">\n\t\t\t\t\t<div class=\"e-con-inner\">\n\t\t<div class=\"elementor-element elementor-element-65a7b45 e-con-full e-flex e-con e-child\" data-id=\"65a7b45\" data-element_type=\"container\">\n\t\t\t\t<div class=\"elementor-element elementor-element-80e89a9 elementor-widget elementor-widget-image\" data-id=\"80e89a9\" data-element_type=\"widget\" data-widget_type=\"image.default\">\n\t\t\t\t<div class=\"elementor-widget-container\">\n\t\t\t\t\t\t\t\t\t\t\t\t\t\t\t<img fetchpriority=\"high\" decoding=\"async\" width=\"800\" height=\"419\" src=\"https:\/\/galeragroup.com\/wp-content\/uploads\/2026\/03\/LOGO-TABURETE_page-0001-1024x536.jpg\" class=\"attachment-large size-large wp-image-58694\" alt=\"\" srcset=\"https:\/\/galeragroup.com\/wp-content\/uploads\/2026\/03\/LOGO-TABURETE_page-0001-1024x536.jpg 1024w, https:\/\/galeragroup.com\/wp-content\/uploads\/2026\/03\/LOGO-TABURETE_page-0001-300x157.jpg 300w, https:\/\/galeragroup.com\/wp-content\/uploads\/2026\/03\/LOGO-TABURETE_page-0001-768x402.jpg 768w, https:\/\/galeragroup.com\/wp-content\/uploads\/2026\/03\/LOGO-TABURETE_page-0001-1536x804.jpg 1536w, https:\/\/galeragroup.com\/wp-content\/uploads\/2026\/03\/LOGO-TABURETE_page-0001-2048x1071.jpg 2048w\" sizes=\"(max-width: 800px) 100vw, 800px\">\t\t\t\t\t\t\t\t\t\t\t\t\t\t\t<\/div>\n\t\t\t\t<\/div>\n\t\t\t\t<div class=\"elementor-element elementor-element-f84d1a5 elementor-align-justify elementor-widget__width-inherit elementor-widget elementor-widget-button\" data-id=\"f84d1a5\" data-element_type=\"widget\" data-widget_type=\"button.default\">\n\t\t\t\t<div class=\"elementor-widget-container\">\n\t\t\t\t\t\t\t\t\t<div class=\"elementor-button-wrapper\">\n\t\t\t\t\t<a class=\"elementor-button elementor-size-sm\" role=\"button\">\n\t\t\t\t\t\t<span class=\"elementor-button-content-wrapper\">\n\t\t\t\t\t\t\t\t\t<span class=\"elementor-button-text\">Consulta els nostres men\u00fas<\/span>\n\t\t\t\t\t<\/span>\n\t\t\t\t\t<\/a>\n\t\t\t\t<\/div>\n\t\t\t\t\t\t\t\t<\/div>\n\t\t\t\t<\/div>\n\t\t\t\t<div class=\"elementor-element elementor-element-2809b12 elementor-button-align-stretch elementor-widget elementor-widget-form\" data-id=\"2809b12\" data-element_type=\"widget\" data-settings=\"{&quot;step_next_label&quot;:&quot;Seg\\u00fcent&quot;,&quot;step_previous_label&quot;:&quot;Anterior&quot;,&quot;button_width&quot;:&quot;100&quot;,&quot;step_type&quot;:&quot;number_text&quot;,&quot;step_icon_shape&quot;:&quot;circle&quot;}\" data-widget_type=\"form.default\">\n\t\t\t\t<div class=\"elementor-widget-container\">\n\t\t\t\t\t\t\t<form class=\"elementor-form\" method=\"post\" name=\"New Form\" aria-label=\"New Form\">\n\t\t\t<input type=\"hidden\" name=\"post_id\" value=\"59460\"\/>\n\t\t\t<input type=\"hidden\" name=\"form_id\" value=\"2809b12\"\/>\n\t\t\t<input type=\"hidden\" name=\"referer_title\" value=\"Grups i esdeveniments - Galera Group\" \/>\n\n\t\t\t\t\t\t\t<input type=\"hidden\" name=\"queried_id\" value=\"59460\"\/>\n\t\t\t\n\t\t\t<div class=\"elementor-form-fields-wrapper elementor-labels-above\">\n\t\t\t\t\t\t\t\t<div class=\"elementor-field-type-text elementor-field-group elementor-column elementor-field-group-name elementor-col-50 elementor-field-required elementor-mark-required\">\n\t\t\t\t\t\t\t\t\t\t\t\t<label for=\"form-field-name\" class=\"elementor-field-label\">\n\t\t\t\t\t\t\t\tNom i cognoms\t\t\t\t\t\t\t<\/label>\n\t\t\t\t\t\t\t\t\t\t\t\t\t\t<input size=\"1\" type=\"text\" name=\"form_fields[name]\" id=\"form-field-name\" class=\"elementor-field elementor-size-sm  elementor-field-textual\" required=\"required\">\n\t\t\t\t\t\t\t\t\t\t\t<\/div>\n\t\t\t\t\t\t\t\t<div class=\"elementor-field-type-email elementor-field-group elementor-column elementor-field-group-field_a58a640 elementor-col-50 elementor-field-required elementor-mark-required\">\n\t\t\t\t\t\t\t\t\t\t\t\t<label for=\"form-field-field_a58a640\" class=\"elementor-field-label\">\n\t\t\t\t\t\t\t\tEmail\t\t\t\t\t\t\t<\/label>\n\t\t\t\t\t\t\t\t\t\t\t\t\t\t<input size=\"1\" type=\"email\" name=\"form_fields[field_a58a640]\" id=\"form-field-field_a58a640\" class=\"elementor-field elementor-size-sm  elementor-field-textual\" required=\"required\">\n\t\t\t\t\t\t\t\t\t\t\t<\/div>\n\t\t\t\t\t\t\t\t<div class=\"elementor-field-type-text elementor-field-group elementor-column elementor-field-group-field_268909c elementor-col-33 elementor-field-required elementor-mark-required\">\n\t\t\t\t\t\t\t\t\t\t\t\t<label for=\"form-field-field_268909c\" class=\"elementor-field-label\">\n\t\t\t\t\t\t\t\tTel\u00e8fon\t\t\t\t\t\t\t<\/label>\n\t\t\t\t\t\t\t\t\t\t\t\t\t\t<input size=\"1\" type=\"text\" name=\"form_fields[field_268909c]\" id=\"form-field-field_268909c\" class=\"elementor-field elementor-size-sm  elementor-field-textual\" required=\"required\">\n\t\t\t\t\t\t\t\t\t\t\t<\/div>\n\t\t\t\t\t\t\t\t<div class=\"elementor-field-type-date elementor-field-group elementor-column elementor-field-group-field_771e5be elementor-col-33 elementor-field-required elementor-mark-required\">\n\t\t\t\t\t\t\t\t\t\t\t\t<label for=\"form-field-field_771e5be\" class=\"elementor-field-label\">\n\t\t\t\t\t\t\t\tData\t\t\t\t\t\t\t<\/label>\n\t\t\t\t\t\t\n\t\t<input type=\"date\" name=\"form_fields[field_771e5be]\" id=\"form-field-field_771e5be\" class=\"elementor-field elementor-size-sm  elementor-field-textual elementor-date-field\" required=\"required\" pattern=\"[0-9]{4}-[0-9]{2}-[0-9]{2}\">\n\t\t\t\t\t\t<\/div>\n\t\t\t\t\t\t\t\t<div class=\"elementor-field-type-time elementor-field-group elementor-column elementor-field-group-field_5a9499f elementor-col-33 elementor-field-required elementor-mark-required\">\n\t\t\t\t\t\t\t\t\t\t\t\t<label for=\"form-field-field_5a9499f\" class=\"elementor-field-label\">\n\t\t\t\t\t\t\t\tHora\t\t\t\t\t\t\t<\/label>\n\t\t\t\t\t\t\t\t<input type=\"time\" name=\"form_fields[field_5a9499f]\" id=\"form-field-field_5a9499f\" class=\"elementor-field elementor-size-sm  elementor-field-textual elementor-time-field elementor-use-native\" placeholder=\"Hora\" required=\"required\">\n\t\t\t\t\t\t<\/div>\n\t\t\t\t\t\t\t\t<div class=\"elementor-field-type-select elementor-field-group elementor-column elementor-field-group-field_cb4ac53 elementor-col-50 elementor-field-required elementor-mark-required\">\n\t\t\t\t\t\t\t\t\t\t\t\t<label for=\"form-field-field_cb4ac53\" class=\"elementor-field-label\">\n\t\t\t\t\t\t\t\tTipus de men\u00fa\t\t\t\t\t\t\t<\/label>\n\t\t\t\t\t\t\t\t<div class=\"elementor-field elementor-select-wrapper remove-before \">\n\t\t\t<div class=\"select-caret-down-wrapper\">\n\t\t\t\t<i aria-hidden=\"true\" class=\"eicon-caret-down\"><\/i>\t\t\t<\/div>\n\t\t\t<select name=\"form_fields[field_cb4ac53]\" id=\"form-field-field_cb4ac53\" class=\"elementor-field-textual elementor-size-sm\" required=\"required\">\n\t\t\t\t\t\t\t\t\t<option value=\"*Escollir*\">*Escollir*<\/option>\n\t\t\t\t\t\t\t\t\t<option value=\"Tapeo\">Tapeo<\/option>\n\t\t\t\t\t\t\t\t\t<option value=\"Men\u00fa I\">Men\u00fa I<\/option>\n\t\t\t\t\t\t\t\t\t<option value=\"Men\u00fa II\">Men\u00fa II<\/option>\n\t\t\t\t\t\t\t<\/select>\n\t\t<\/div>\n\t\t\t\t\t\t<\/div>\n\t\t\t\t\t\t\t\t<div class=\"elementor-field-type-number elementor-field-group elementor-column elementor-field-group-field_182f214 elementor-col-50 elementor-field-required elementor-mark-required\">\n\t\t\t\t\t\t\t\t\t\t\t\t<label for=\"form-field-field_182f214\" class=\"elementor-field-label\">\n\t\t\t\t\t\t\t\tNombre de persones\t\t\t\t\t\t\t<\/label>\n\t\t\t\t\t\t\t\t\t<input type=\"number\" name=\"form_fields[field_182f214]\" id=\"form-field-field_182f214\" class=\"elementor-field elementor-size-sm  elementor-field-textual\" required=\"required\" min=\"1\" max=\"50\" >\n\t\t\t\t\t\t<\/div>\n\t\t\t\t\t\t\t\t<div class=\"elementor-field-type-textarea elementor-field-group elementor-column elementor-field-group-field_368245c elementor-col-100\">\n\t\t\t\t\t\t\t\t\t\t\t\t<label for=\"form-field-field_368245c\" class=\"elementor-field-label\">\n\t\t\t\t\t\t\t\tObservacions\t\t\t\t\t\t\t<\/label>\n\t\t\t\t\t\t<textarea class=\"elementor-field-textual elementor-field  elementor-size-sm\" name=\"form_fields[field_368245c]\" id=\"form-field-field_368245c\" rows=\"2\"><\/textarea>\t\t\t\t<\/div>\n\t\t\t\t\t\t\t\t<div class=\"elementor-field-type-acceptance elementor-field-group elementor-column elementor-field-group-field_5de1a4e elementor-col-100 elementor-field-required elementor-mark-required\">\n\t\t\t\t\t\t\t<div class=\"elementor-field-subgroup\">\n\t\t\t<span class=\"elementor-field-option\">\n\t\t\t\t<input type=\"checkbox\" name=\"form_fields[field_5de1a4e]\" id=\"form-field-field_5de1a4e\" class=\"elementor-field elementor-size-sm  elementor-acceptance-field\" required=\"required\">\n\t\t\t\t<label for=\"form-field-field_5de1a4e\">He llegit i accepto l'av\u00eds legal i les condicions d'\u00fas i la pol\u00edtica de privadesa.<\/label>\t\t\t<\/span>\n\t\t<\/div>\n\t\t\t\t\t\t<\/div>\n\t\t\t\t\t\t\t\t<div class=\"elementor-field-group elementor-column elementor-field-type-submit elementor-col-100 e-form__buttons\">\n\t\t\t\t\t<button class=\"elementor-button elementor-size-sm\" type=\"submit\">\n\t\t\t\t\t\t<span class=\"elementor-button-content-wrapper\">\n\t\t\t\t\t\t\t\t\t\t\t\t\t\t\t\t\t\t\t\t\t\t<span class=\"elementor-button-text\">Enviar<\/span>\n\t\t\t\t\t\t\t\t\t\t\t\t\t<\/span>\n\t\t\t\t\t<\/button>\n\t\t\t\t<\/div>\n\t\t\t<\/div>\n\t\t<\/form>\n\t\t\t\t\t\t<\/div>\n\t\t\t\t<\/div>\n\t\t\t\t<\/div>\n\t\t<div class=\"elementor-element elementor-element-ef040d1 e-con-full e-flex e-con e-child\" data-id=\"ef040d1\" data-element_type=\"container\" data-settings=\"{&quot;background_background&quot;:&quot;classic&quot;}\">\n\t\t\t\t<div class=\"elementor-element elementor-element-58e0796 elementor-widget elementor-widget-spacer\" data-id=\"58e0796\" data-element_type=\"widget\" data-widget_type=\"spacer.default\">\n\t\t\t\t<div class=\"elementor-widget-container\">\n\t\t\t\t\t\t\t<div class=\"elementor-spacer\">\n\t\t\t<div class=\"elementor-spacer-inner\"><\/div>\n\t\t<\/div>\n\t\t\t\t\t\t<\/div>\n\t\t\t\t<\/div>\n\t\t\t\t<\/div>\n\t\t\t\t\t<\/div>\n\t\t\t\t<\/div>\n\t\t\t\t<\/div>\n\t\t","protected":false},"excerpt":{"rendered":"<p>GRUPS I ESDEVENIMENTS Consulta els nostres men\u00fas<\/p>\n","protected":false},"author":2,"featured_media":0,"parent":58718,"menu_order":0,"comment_status":"closed","ping_status":"closed","template":"","meta":{"_acf_changed":false,"footnotes":""},"class_list":["post-59460","page","type-page","status-publish","hentry"],"acf":[],"_links":{"self":[{"href":"https:\/\/galeragroup.com\/ca\/wp-json\/wp\/v2\/pages\/59460","targetHints":{"allow":["GET"]}}],"collection":[{"href":"https:\/\/galeragroup.com\/ca\/wp-json\/wp\/v2\/pages"}],"about":[{"href":"https:\/\/galeragroup.com\/ca\/wp-json\/wp\/v2\/types\/page"}],"author":[{"embeddable":true,"href":"https:\/\/galeragroup.com\/ca\/wp-json\/wp\/v2\/users\/2"}],"replies":[{"embeddable":true,"href":"https:\/\/galeragroup.com\/ca\/wp-json\/wp\/v2\/comments?post=59460"}],"version-history":[{"count":2,"href":"https:\/\/galeragroup.com\/ca\/wp-json\/wp\/v2\/pages\/59460\/revisions"}],"predecessor-version":[{"id":59467,"href":"https:\/\/galeragroup.com\/ca\/wp-json\/wp\/v2\/pages\/59460\/revisions\/59467"}],"up":[{"embeddable":true,"href":"https:\/\/galeragroup.com\/ca\/wp-json\/wp\/v2\/pages\/58718"}],"wp:attachment":[{"href":"https:\/\/galeragroup.com\/ca\/wp-json\/wp\/v2\/media?parent=59460"}],"curies":[{"name":"wp","href":"https:\/\/api.w.org\/{rel}","templated":true}]}}