{"id":30039,"date":"2025-03-12T09:16:17","date_gmt":"2025-03-12T09:16:17","guid":{"rendered":"https:\/\/galeragroup.com\/gambit-calatajud\/ofertes\/"},"modified":"2025-05-13T08:30:38","modified_gmt":"2025-05-13T08:30:38","slug":"ofertes","status":"publish","type":"page","link":"https:\/\/galeragroup.com\/ca\/gambito-calatayud\/ofertes\/","title":{"rendered":"OFERTES"},"content":{"rendered":"\t\t<div data-elementor-type=\"wp-page\" data-elementor-id=\"30039\" class=\"elementor elementor-30039 elementor-23190\" data-elementor-post-type=\"page\">\n\t\t\t\t<div class=\"elementor-element elementor-element-1f64594 e-flex e-con-boxed e-con e-parent\" data-id=\"1f64594\" data-element_type=\"container\" data-e-type=\"container\">\n\t\t\t\t\t<div class=\"e-con-inner\">\n\t\t<div class=\"elementor-element elementor-element-bfc9829 e-con-full e-flex e-con e-child\" data-id=\"bfc9829\" data-element_type=\"container\" data-e-type=\"container\">\n\t\t\t\t<div class=\"elementor-element elementor-element-593f098 elementor-widget elementor-widget-image\" data-id=\"593f098\" data-element_type=\"widget\" data-e-type=\"widget\" data-widget_type=\"image.default\">\n\t\t\t\t<div class=\"elementor-widget-container\">\n\t\t\t\t\t\t\t\t\t\t\t\t\t\t\t<img fetchpriority=\"high\" decoding=\"async\" width=\"1309\" height=\"700\" src=\"https:\/\/galeragroup.com\/wp-content\/uploads\/2025\/03\/Diseno-sin-titulo-2.png\" class=\"attachment-full size-full wp-image-28516\" alt=\"\" srcset=\"https:\/\/galeragroup.com\/wp-content\/uploads\/2025\/03\/Diseno-sin-titulo-2.png 1309w, https:\/\/galeragroup.com\/wp-content\/uploads\/2025\/03\/Diseno-sin-titulo-2-300x160.png 300w, https:\/\/galeragroup.com\/wp-content\/uploads\/2025\/03\/Diseno-sin-titulo-2-1024x548.png 1024w, https:\/\/galeragroup.com\/wp-content\/uploads\/2025\/03\/Diseno-sin-titulo-2-768x411.png 768w\" sizes=\"(max-width: 1309px) 100vw, 1309px\">\t\t\t\t\t\t\t\t\t\t\t\t\t\t\t<\/div>\n\t\t\t\t<\/div>\n\t\t\t\t<\/div>\n\t\t<div class=\"elementor-element elementor-element-d5859e9 e-con-full e-flex e-con e-child\" data-id=\"d5859e9\" data-element_type=\"container\" data-e-type=\"container\">\n\t\t<div class=\"elementor-element elementor-element-cea27fd e-con-full e-flex e-con e-child\" data-id=\"cea27fd\" data-element_type=\"container\" data-e-type=\"container\">\n\t\t\t\t<div class=\"elementor-element elementor-element-9357150 elementor-widget elementor-widget-heading\" data-id=\"9357150\" data-element_type=\"widget\" data-e-type=\"widget\" data-widget_type=\"heading.default\">\n\t\t\t\t<div class=\"elementor-widget-container\">\n\t\t\t\t\t<h2 class=\"elementor-heading-title elementor-size-default\">PACK EXCLUSIU ABONATS<\/h2>\t\t\t\t<\/div>\n\t\t\t\t<\/div>\n\t\t\t\t<div class=\"elementor-element elementor-element-08873ec elementor-widget elementor-widget-text-editor\" data-id=\"08873ec\" data-element_type=\"widget\" data-e-type=\"widget\" data-widget_type=\"text-editor.default\">\n\t\t\t\t<div class=\"elementor-widget-container\">\n\t\t\t\t\t\t\t\t\t<p>GAUDEIX D&#8217;UN ESMORZAR AL CLUB ABANS DE LA TEVA PARTIDA (CAF\u00c8 + PASTA CASOLANA) I 1 TAPA + 1 BEGUDA EN FINALITZAR LA JORNADA.<\/p>\t\t\t\t\t\t\t\t<\/div>\n\t\t\t\t<\/div>\n\t\t\t\t<\/div>\n\t\t\t\t<div class=\"elementor-element elementor-element-6456ab5 elementor-widget elementor-widget-button\" data-id=\"6456ab5\" data-element_type=\"widget\" data-e-type=\"widget\" data-widget_type=\"button.default\">\n\t\t\t\t<div class=\"elementor-widget-container\">\n\t\t\t\t\t\t\t\t\t<div class=\"elementor-button-wrapper\">\n\t\t\t\t\t<a class=\"elementor-button elementor-button-link elementor-size-sm\" href=\"tel:+34976891900\">\n\t\t\t\t\t\t<span class=\"elementor-button-content-wrapper\">\n\t\t\t\t\t\t\t\t\t<span class=\"elementor-button-text\">RESERVAR<\/span>\n\t\t\t\t\t<\/span>\n\t\t\t\t\t<\/a>\n\t\t\t\t<\/div>\n\t\t\t\t\t\t\t\t<\/div>\n\t\t\t\t<\/div>\n\t\t\t\t<\/div>\n\t\t\t\t\t<\/div>\n\t\t\t\t<\/div>\n\t\t<div class=\"elementor-element elementor-element-dcd6eaa e-flex e-con-boxed e-con e-parent\" data-id=\"dcd6eaa\" data-element_type=\"container\" data-e-type=\"container\">\n\t\t\t\t\t<div class=\"e-con-inner\">\n\t\t<div class=\"elementor-element elementor-element-c70c2ec e-con-full e-flex e-con e-child\" data-id=\"c70c2ec\" data-element_type=\"container\" data-e-type=\"container\">\n\t\t\t\t<div class=\"elementor-element elementor-element-78f746c elementor-widget elementor-widget-image\" data-id=\"78f746c\" data-element_type=\"widget\" data-e-type=\"widget\" data-widget_type=\"image.default\">\n\t\t\t\t<div class=\"elementor-widget-container\">\n\t\t\t\t\t\t\t\t\t\t\t\t\t\t\t<img decoding=\"async\" width=\"1309\" height=\"626\" data-src=\"https:\/\/galeragroup.com\/wp-content\/uploads\/2025\/03\/Diseno-sin-titulo-3-e1741773092498.png\" class=\"attachment-full size-full wp-image-28518 lazyload\" alt=\"\" data-srcset=\"https:\/\/galeragroup.com\/wp-content\/uploads\/2025\/03\/Diseno-sin-titulo-3-e1741773092498.png 1309w, https:\/\/galeragroup.com\/wp-content\/uploads\/2025\/03\/Diseno-sin-titulo-3-e1741773092498-300x143.png 300w, https:\/\/galeragroup.com\/wp-content\/uploads\/2025\/03\/Diseno-sin-titulo-3-e1741773092498-1024x490.png 1024w, https:\/\/galeragroup.com\/wp-content\/uploads\/2025\/03\/Diseno-sin-titulo-3-e1741773092498-768x367.png 768w\" data-sizes=\"(max-width: 1309px) 100vw, 1309px\" src=\"data:image\/svg+xml;base64,PHN2ZyB3aWR0aD0iMSIgaGVpZ2h0PSIxIiB4bWxucz0iaHR0cDovL3d3dy53My5vcmcvMjAwMC9zdmciPjwvc3ZnPg==\" style=\"--smush-placeholder-width: 1309px; --smush-placeholder-aspect-ratio: 1309\/626;\">\t\t\t\t\t\t\t\t\t\t\t\t\t\t\t<\/div>\n\t\t\t\t<\/div>\n\t\t\t\t<\/div>\n\t\t<div class=\"elementor-element elementor-element-aab13e2 e-con-full e-flex e-con e-child\" data-id=\"aab13e2\" data-element_type=\"container\" data-e-type=\"container\">\n\t\t<div class=\"elementor-element elementor-element-353dc9c e-con-full e-flex e-con e-child\" data-id=\"353dc9c\" data-element_type=\"container\" data-e-type=\"container\">\n\t\t\t\t<div class=\"elementor-element elementor-element-0eaf9b2 elementor-widget elementor-widget-heading\" data-id=\"0eaf9b2\" data-element_type=\"widget\" data-e-type=\"widget\" data-widget_type=\"heading.default\">\n\t\t\t\t<div class=\"elementor-widget-container\">\n\t\t\t\t\t<h2 class=\"elementor-heading-title elementor-size-default\">GOLF &amp; GASTRONOMIA<\/h2>\t\t\t\t<\/div>\n\t\t\t\t<\/div>\n\t\t\t\t<div class=\"elementor-element elementor-element-4e4dcee elementor-widget elementor-widget-text-editor\" data-id=\"4e4dcee\" data-element_type=\"widget\" data-e-type=\"widget\" data-widget_type=\"text-editor.default\">\n\t\t\t\t<div class=\"elementor-widget-container\">\n\t\t\t\t\t\t\t\t\t<p>1 GREEN FEE DE 18 HOYOS AMB BUGGY I BOLES DE PR\u00c0CTICA<\/p><p>MEN\u00da ESPECIAL AMB TERNASCO D&#8217;ARAG\u00d3<\/p><p>COPA DE VI DO CALATAJUD MARIDADA AMB L&#8217;EXPERI\u00c8NCIA<\/p>\t\t\t\t\t\t\t\t<\/div>\n\t\t\t\t<\/div>\n\t\t\t\t<\/div>\n\t\t\t\t<div class=\"elementor-element elementor-element-71b7846 elementor-widget elementor-widget-button\" data-id=\"71b7846\" data-element_type=\"widget\" data-e-type=\"widget\" data-widget_type=\"button.default\">\n\t\t\t\t<div class=\"elementor-widget-container\">\n\t\t\t\t\t\t\t\t\t<div class=\"elementor-button-wrapper\">\n\t\t\t\t\t<a class=\"elementor-button elementor-button-link elementor-size-sm\" href=\"tel:+34976891900\">\n\t\t\t\t\t\t<span class=\"elementor-button-content-wrapper\">\n\t\t\t\t\t\t\t\t\t<span class=\"elementor-button-text\">RESERVAR<\/span>\n\t\t\t\t\t<\/span>\n\t\t\t\t\t<\/a>\n\t\t\t\t<\/div>\n\t\t\t\t\t\t\t\t<\/div>\n\t\t\t\t<\/div>\n\t\t\t\t<\/div>\n\t\t\t\t\t<\/div>\n\t\t\t\t<\/div>\n\t\t<div class=\"elementor-element elementor-element-596c069 e-flex e-con-boxed e-con e-parent\" data-id=\"596c069\" data-element_type=\"container\" data-e-type=\"container\">\n\t\t\t\t\t<div class=\"e-con-inner\">\n\t\t<div class=\"elementor-element elementor-element-6c50196 e-con-full e-flex e-con e-child\" data-id=\"6c50196\" data-element_type=\"container\" data-e-type=\"container\">\n\t\t\t\t<div class=\"elementor-element elementor-element-7e9a5e9 elementor-widget elementor-widget-image\" data-id=\"7e9a5e9\" data-element_type=\"widget\" data-e-type=\"widget\" data-widget_type=\"image.default\">\n\t\t\t\t<div class=\"elementor-widget-container\">\n\t\t\t\t\t\t\t\t\t\t\t\t\t\t\t<img decoding=\"async\" width=\"1015\" height=\"520\" data-src=\"https:\/\/galeragroup.com\/wp-content\/uploads\/2025\/03\/Diseno-sin-titulo-10.png\" class=\"attachment-full size-full wp-image-28520 lazyload\" alt=\"\" data-srcset=\"https:\/\/galeragroup.com\/wp-content\/uploads\/2025\/03\/Diseno-sin-titulo-10.png 1015w, https:\/\/galeragroup.com\/wp-content\/uploads\/2025\/03\/Diseno-sin-titulo-10-300x154.png 300w, https:\/\/galeragroup.com\/wp-content\/uploads\/2025\/03\/Diseno-sin-titulo-10-768x393.png 768w\" data-sizes=\"(max-width: 1015px) 100vw, 1015px\" src=\"data:image\/svg+xml;base64,PHN2ZyB3aWR0aD0iMSIgaGVpZ2h0PSIxIiB4bWxucz0iaHR0cDovL3d3dy53My5vcmcvMjAwMC9zdmciPjwvc3ZnPg==\" style=\"--smush-placeholder-width: 1015px; --smush-placeholder-aspect-ratio: 1015\/520;\">\t\t\t\t\t\t\t\t\t\t\t\t\t\t\t<\/div>\n\t\t\t\t<\/div>\n\t\t\t\t<\/div>\n\t\t<div class=\"elementor-element elementor-element-c299f1a e-con-full e-flex e-con e-child\" data-id=\"c299f1a\" data-element_type=\"container\" data-e-type=\"container\">\n\t\t<div class=\"elementor-element elementor-element-91fa6a5 e-con-full e-flex e-con e-child\" data-id=\"91fa6a5\" data-element_type=\"container\" data-e-type=\"container\">\n\t\t\t\t<div class=\"elementor-element elementor-element-26ecc0e elementor-widget elementor-widget-heading\" data-id=\"26ecc0e\" data-element_type=\"widget\" data-e-type=\"widget\" data-widget_type=\"heading.default\">\n\t\t\t\t<div class=\"elementor-widget-container\">\n\t\t\t\t\t<h2 class=\"elementor-heading-title elementor-size-default\">GOLF &amp; RELAX<\/h2>\t\t\t\t<\/div>\n\t\t\t\t<\/div>\n\t\t\t\t<div class=\"elementor-element elementor-element-892acc7 elementor-widget elementor-widget-text-editor\" data-id=\"892acc7\" data-element_type=\"widget\" data-e-type=\"widget\" data-widget_type=\"text-editor.default\">\n\t\t\t\t<div class=\"elementor-widget-container\">\n\t\t\t\t\t\t\t\t\t<p>2 NITS D&#8217;ALLOTJAMENT AL MES\u00d3 DE LA DOLORS (HABITACI\u00d3 DOBLE) AMB ESMORZAR INCL\u00d2S.<\/p><p>2 GREEN FEES DE 18 FORATS PER PERSONA AMB BUGGY COMPARTIT I BOLES DE PR\u00c0CTICA INCLOSES A GAMBITO GOLF CLUB CALATAYUD.<\/p><p>10% DE DESCOMPTE A GREEN FEES ADDICIONALS.<\/p>\t\t\t\t\t\t\t\t<\/div>\n\t\t\t\t<\/div>\n\t\t\t\t<\/div>\n\t\t\t\t<div class=\"elementor-element elementor-element-e6ec589 elementor-widget elementor-widget-button\" data-id=\"e6ec589\" data-element_type=\"widget\" data-e-type=\"widget\" data-widget_type=\"button.default\">\n\t\t\t\t<div class=\"elementor-widget-container\">\n\t\t\t\t\t\t\t\t\t<div class=\"elementor-button-wrapper\">\n\t\t\t\t\t<a class=\"elementor-button elementor-button-link elementor-size-sm\" href=\"tel:+34976891900\">\n\t\t\t\t\t\t<span class=\"elementor-button-content-wrapper\">\n\t\t\t\t\t\t\t\t\t<span class=\"elementor-button-text\">RESERVAR<\/span>\n\t\t\t\t\t<\/span>\n\t\t\t\t\t<\/a>\n\t\t\t\t<\/div>\n\t\t\t\t\t\t\t\t<\/div>\n\t\t\t\t<\/div>\n\t\t\t\t<\/div>\n\t\t\t\t\t<\/div>\n\t\t\t\t<\/div>\n\t\t<div class=\"elementor-element elementor-element-a47be68 e-flex e-con-boxed e-con e-parent\" data-id=\"a47be68\" data-element_type=\"container\" data-e-type=\"container\">\n\t\t\t\t\t<div class=\"e-con-inner\">\n\t\t<div class=\"elementor-element elementor-element-372c5f2 e-con-full e-flex e-con e-child\" data-id=\"372c5f2\" data-element_type=\"container\" data-e-type=\"container\">\n\t\t\t\t<div class=\"elementor-element elementor-element-54f14b8 elementor-widget elementor-widget-image\" data-id=\"54f14b8\" data-element_type=\"widget\" data-e-type=\"widget\" data-widget_type=\"image.default\">\n\t\t\t\t<div class=\"elementor-widget-container\">\n\t\t\t\t\t\t\t\t\t\t\t\t\t\t\t<img decoding=\"async\" width=\"1015\" height=\"550\" data-src=\"https:\/\/galeragroup.com\/wp-content\/uploads\/2025\/03\/Diseno-sin-titulo-13.png\" class=\"attachment-full size-full wp-image-28522 lazyload\" alt=\"\" data-srcset=\"https:\/\/galeragroup.com\/wp-content\/uploads\/2025\/03\/Diseno-sin-titulo-13.png 1015w, https:\/\/galeragroup.com\/wp-content\/uploads\/2025\/03\/Diseno-sin-titulo-13-300x163.png 300w, https:\/\/galeragroup.com\/wp-content\/uploads\/2025\/03\/Diseno-sin-titulo-13-768x416.png 768w\" data-sizes=\"(max-width: 1015px) 100vw, 1015px\" src=\"data:image\/svg+xml;base64,PHN2ZyB3aWR0aD0iMSIgaGVpZ2h0PSIxIiB4bWxucz0iaHR0cDovL3d3dy53My5vcmcvMjAwMC9zdmciPjwvc3ZnPg==\" style=\"--smush-placeholder-width: 1015px; --smush-placeholder-aspect-ratio: 1015\/550;\">\t\t\t\t\t\t\t\t\t\t\t\t\t\t\t<\/div>\n\t\t\t\t<\/div>\n\t\t\t\t<\/div>\n\t\t<div class=\"elementor-element elementor-element-67ed760 e-con-full e-flex e-con e-child\" data-id=\"67ed760\" data-element_type=\"container\" data-e-type=\"container\">\n\t\t<div class=\"elementor-element elementor-element-2c18263 e-con-full e-flex e-con e-child\" data-id=\"2c18263\" data-element_type=\"container\" data-e-type=\"container\">\n\t\t\t\t<div class=\"elementor-element elementor-element-1217cc5 elementor-widget elementor-widget-heading\" data-id=\"1217cc5\" data-element_type=\"widget\" data-e-type=\"widget\" data-widget_type=\"heading.default\">\n\t\t\t\t<div class=\"elementor-widget-container\">\n\t\t\t\t\t<h2 class=\"elementor-heading-title elementor-size-default\">GUST A CALATAYUD<\/h2>\t\t\t\t<\/div>\n\t\t\t\t<\/div>\n\t\t\t\t<div class=\"elementor-element elementor-element-8e87778 elementor-widget elementor-widget-text-editor\" data-id=\"8e87778\" data-element_type=\"widget\" data-e-type=\"widget\" data-widget_type=\"text-editor.default\">\n\t\t\t\t<div class=\"elementor-widget-container\">\n\t\t\t\t\t\t\t\t\t<p>2 NITS D&#8217;ALLOTJAMENT AL MES\u00d3 DE LA DOLORS (HABITACI\u00d3 DOBLE) AMB ESMORZAR INCL\u00d2S.<\/p><p>2 GREEN FEES DE 18 FORATS AMB BUGGY I BOLES DE PR\u00c0CTICA.<\/p><p>MEN\u00da DEGUSTACI\u00d3 TRADICIONAL ARAGON\u00c9S EN EL MES\u00d3 DE LA DOLORS.<\/p><p>10% DE DESCOMPTE A GREEN FEES ADDICIONALS.<\/p>\t\t\t\t\t\t\t\t<\/div>\n\t\t\t\t<\/div>\n\t\t\t\t<\/div>\n\t\t\t\t<div class=\"elementor-element elementor-element-709cc1d elementor-widget elementor-widget-button\" data-id=\"709cc1d\" data-element_type=\"widget\" data-e-type=\"widget\" data-widget_type=\"button.default\">\n\t\t\t\t<div class=\"elementor-widget-container\">\n\t\t\t\t\t\t\t\t\t<div class=\"elementor-button-wrapper\">\n\t\t\t\t\t<a class=\"elementor-button elementor-button-link elementor-size-sm\" href=\"tel:+34976891900\">\n\t\t\t\t\t\t<span class=\"elementor-button-content-wrapper\">\n\t\t\t\t\t\t\t\t\t<span class=\"elementor-button-text\">RESERVAR<\/span>\n\t\t\t\t\t<\/span>\n\t\t\t\t\t<\/a>\n\t\t\t\t<\/div>\n\t\t\t\t\t\t\t\t<\/div>\n\t\t\t\t<\/div>\n\t\t\t\t<\/div>\n\t\t\t\t\t<\/div>\n\t\t\t\t<\/div>\n\t\t<div class=\"elementor-element elementor-element-28b1644 e-flex e-con-boxed e-con e-parent\" data-id=\"28b1644\" data-element_type=\"container\" data-e-type=\"container\">\n\t\t\t\t\t<div class=\"e-con-inner\">\n\t\t<div class=\"elementor-element elementor-element-261a1e5 e-con-full e-flex e-con e-child\" data-id=\"261a1e5\" data-element_type=\"container\" data-e-type=\"container\">\n\t\t\t\t<div class=\"elementor-element elementor-element-a0bbc55 elementor-widget elementor-widget-image\" data-id=\"a0bbc55\" data-element_type=\"widget\" data-e-type=\"widget\" data-widget_type=\"image.default\">\n\t\t\t\t<div class=\"elementor-widget-container\">\n\t\t\t\t\t\t\t\t\t\t\t\t\t\t\t<img decoding=\"async\" width=\"1015\" height=\"550\" data-src=\"https:\/\/galeragroup.com\/wp-content\/uploads\/2025\/03\/Diseno-sin-titulo-14.png\" class=\"attachment-full size-full wp-image-28524 lazyload\" alt=\"\" data-srcset=\"https:\/\/galeragroup.com\/wp-content\/uploads\/2025\/03\/Diseno-sin-titulo-14.png 1015w, https:\/\/galeragroup.com\/wp-content\/uploads\/2025\/03\/Diseno-sin-titulo-14-300x163.png 300w, https:\/\/galeragroup.com\/wp-content\/uploads\/2025\/03\/Diseno-sin-titulo-14-768x416.png 768w\" data-sizes=\"(max-width: 1015px) 100vw, 1015px\" src=\"data:image\/svg+xml;base64,PHN2ZyB3aWR0aD0iMSIgaGVpZ2h0PSIxIiB4bWxucz0iaHR0cDovL3d3dy53My5vcmcvMjAwMC9zdmciPjwvc3ZnPg==\" style=\"--smush-placeholder-width: 1015px; --smush-placeholder-aspect-ratio: 1015\/550;\">\t\t\t\t\t\t\t\t\t\t\t\t\t\t\t<\/div>\n\t\t\t\t<\/div>\n\t\t\t\t<\/div>\n\t\t<div class=\"elementor-element elementor-element-2a81f55 e-con-full e-flex e-con e-child\" data-id=\"2a81f55\" data-element_type=\"container\" data-e-type=\"container\">\n\t\t<div class=\"elementor-element elementor-element-b2315a7 e-con-full e-flex e-con e-child\" data-id=\"b2315a7\" data-element_type=\"container\" data-e-type=\"container\">\n\t\t\t\t<div class=\"elementor-element elementor-element-22951d7 elementor-widget elementor-widget-heading\" data-id=\"22951d7\" data-element_type=\"widget\" data-e-type=\"widget\" data-widget_type=\"heading.default\">\n\t\t\t\t<div class=\"elementor-widget-container\">\n\t\t\t\t\t<h2 class=\"elementor-heading-title elementor-size-default\">ESCAPADA PREMIUM<\/h2>\t\t\t\t<\/div>\n\t\t\t\t<\/div>\n\t\t\t\t<div class=\"elementor-element elementor-element-92f0aa0 elementor-widget elementor-widget-text-editor\" data-id=\"92f0aa0\" data-element_type=\"widget\" data-e-type=\"widget\" data-widget_type=\"text-editor.default\">\n\t\t\t\t<div class=\"elementor-widget-container\">\n\t\t\t\t\t\t\t\t\t<p>4 NITS D&#8217;ALLOTJAMENT AL TAULO DE LA DOLORS (HABITACI\u00d3 DOBLE) AMB ESMORZAR INCL\u00d2S.<\/p><p>4 GREEN FEES DE 18 FORATS PER PERSONA AMB BUGGY COMPARTIT I BOLES DE PR\u00c0CTICA INCLOSES A GAMBITO GOLF CLUB CALATAYUD.<\/p><p>10% DE DESCOMPTE A GREEN FEES ADDICIONALS.<\/p>\t\t\t\t\t\t\t\t<\/div>\n\t\t\t\t<\/div>\n\t\t\t\t<\/div>\n\t\t\t\t<div class=\"elementor-element elementor-element-cf0578f elementor-widget elementor-widget-button\" data-id=\"cf0578f\" data-element_type=\"widget\" data-e-type=\"widget\" data-widget_type=\"button.default\">\n\t\t\t\t<div class=\"elementor-widget-container\">\n\t\t\t\t\t\t\t\t\t<div class=\"elementor-button-wrapper\">\n\t\t\t\t\t<a class=\"elementor-button elementor-button-link elementor-size-sm\" href=\"tel:+34976891900\">\n\t\t\t\t\t\t<span class=\"elementor-button-content-wrapper\">\n\t\t\t\t\t\t\t\t\t<span class=\"elementor-button-text\">RESERVAR<\/span>\n\t\t\t\t\t<\/span>\n\t\t\t\t\t<\/a>\n\t\t\t\t<\/div>\n\t\t\t\t\t\t\t\t<\/div>\n\t\t\t\t<\/div>\n\t\t\t\t<\/div>\n\t\t\t\t\t<\/div>\n\t\t\t\t<\/div>\n\t\t\t\t<\/div>\n\t\t","protected":false},"excerpt":{"rendered":"<p>PACK EXCLUSIU ABONATS GAUDEIX D&#8217;UN ESMORZAR AL CLUB ABANS DE LA TEVA PARTIDA (CAF\u00c8 + PASTA CASOLANA) I 1 TAPA + 1 BEGUDA EN FINALITZAR LA JORNADA. RESERVAR GOLF &amp; GASTRONOMIA 1 GREEN FEE DE 18 HOYOS AMB BUGGY I BOLES DE PR\u00c0CTICA MEN\u00da ESPECIAL AMB TERNASCO D&#8217;ARAG\u00d3 COPA DE VI DO CALATAJUD MARIDADA AMB [&hellip;]<\/p>\n","protected":false},"author":2,"featured_media":0,"parent":29906,"menu_order":0,"comment_status":"closed","ping_status":"closed","template":"","meta":{"_acf_changed":false,"footnotes":""},"class_list":["post-30039","page","type-page","status-publish","hentry"],"acf":[],"_links":{"self":[{"href":"https:\/\/galeragroup.com\/ca\/wp-json\/wp\/v2\/pages\/30039","targetHints":{"allow":["GET"]}}],"collection":[{"href":"https:\/\/galeragroup.com\/ca\/wp-json\/wp\/v2\/pages"}],"about":[{"href":"https:\/\/galeragroup.com\/ca\/wp-json\/wp\/v2\/types\/page"}],"author":[{"embeddable":true,"href":"https:\/\/galeragroup.com\/ca\/wp-json\/wp\/v2\/users\/2"}],"replies":[{"embeddable":true,"href":"https:\/\/galeragroup.com\/ca\/wp-json\/wp\/v2\/comments?post=30039"}],"version-history":[{"count":7,"href":"https:\/\/galeragroup.com\/ca\/wp-json\/wp\/v2\/pages\/30039\/revisions"}],"predecessor-version":[{"id":32786,"href":"https:\/\/galeragroup.com\/ca\/wp-json\/wp\/v2\/pages\/30039\/revisions\/32786"}],"up":[{"embeddable":true,"href":"https:\/\/galeragroup.com\/ca\/wp-json\/wp\/v2\/pages\/29906"}],"wp:attachment":[{"href":"https:\/\/galeragroup.com\/ca\/wp-json\/wp\/v2\/media?parent=30039"}],"curies":[{"name":"wp","href":"https:\/\/api.w.org\/{rel}","templated":true}]}}