{"id":30036,"date":"2025-03-16T10:58:36","date_gmt":"2025-03-16T10:58:36","guid":{"rendered":"https:\/\/galeragroup.com\/sostenibilitat\/"},"modified":"2025-05-13T13:24:33","modified_gmt":"2025-05-13T13:24:33","slug":"sostenibilitat","status":"publish","type":"page","link":"https:\/\/galeragroup.com\/ca\/sostenibilitat\/","title":{"rendered":"SOSTENIBILITAT"},"content":{"rendered":"\t\t<div data-elementor-type=\"wp-page\" data-elementor-id=\"30036\" class=\"elementor elementor-30036 elementor-23368\" data-elementor-post-type=\"page\">\n\t\t\t\t<div class=\"elementor-element elementor-element-80c33f4 e-flex e-con-boxed e-con e-parent\" data-id=\"80c33f4\" data-element_type=\"container\" data-e-type=\"container\">\n\t\t\t\t\t<div class=\"e-con-inner\">\n\t\t\t\t<div class=\"elementor-element elementor-element-9bc0ab7 elementor-widget elementor-widget-text-editor\" data-id=\"9bc0ab7\" data-element_type=\"widget\" data-e-type=\"widget\" data-widget_type=\"text-editor.default\">\n\t\t\t\t<div class=\"elementor-widget-container\">\n\t\t\t\t\t\t\t\t\t<h4>SOSTENIBILITAT<\/h4><div>A Galera Group, assumim el nostre comprom\u00eds amb el medi ambient enfrontant els desafiaments clim\u00e0tics amb accions concretes. Promovem un model de restauraci\u00f3 i esdeveniments esportius responsable que aposta per la sostenibilitat i el respecte pel nostre entorn perqu\u00e8 cada petit gest compta. <\/div><div> <\/div><div>\u2022\u2060 \u2060Iniciativa sostenible a Circuit Premium Mahou San Miguel by Gambito Golf: A cada torneig de golf que organitzem, dediquem un forat especial al costat de Veolia on el guanyador contribueix a la plantaci\u00f3 d&#8217;arbres per ajudar a reduir el CO2 i restaurar l&#8217;equilibri natural.<\/div><div><p>\u2022\u2060 \u2060Reducci\u00f3 del consum de pl\u00e0stic: Estem treballant per disminuir l&#8217;\u00fas de pl\u00e0stics d&#8217;un sol \u00fas als nostres locals, al Circuit Premium Mahou San Miguel by Gambito Golf, a Gambito Golf Club Calatayud ia les nostres oficines, substituint-los per materials biodegradables o de llarga durada.<\/p><p>\u2022\u2060 \u2060Comprom\u00eds amb les 3R: Reutilitzar, reciclar i reduir \u00e9s part essencial de la nostra filosofia. Aquest principi guia les nostres decisions per minimitzar el nostre impacte ambiental. <\/p><p>\u2022\u2060 \u2060\u00das de productes locals: Prioritzem l&#8217;\u00fas de productes de quil\u00f2metre 0 per disminuir la nostra petjada de carboni.<\/p><p>Cada acci\u00f3 compta per a un futur m\u00e9s sostenible.<\/p><\/div>\t\t\t\t\t\t\t\t<\/div>\n\t\t\t\t<\/div>\n\t\t\t\t\t<\/div>\n\t\t\t\t<\/div>\n\t\t\t\t<\/div>\n\t\t","protected":false},"excerpt":{"rendered":"<p>SOSTENIBILITAT A Galera Group, assumim el nostre comprom\u00eds amb el medi ambient enfrontant els desafiaments clim\u00e0tics amb accions concretes. Promovem un model de restauraci\u00f3 i esdeveniments esportius responsable que aposta per la sostenibilitat i el respecte pel nostre entorn perqu\u00e8 cada petit gest compta. \u2022\u2060 \u2060Iniciativa sostenible a Circuit Premium Mahou San Miguel by Gambito [&hellip;]<\/p>\n","protected":false},"author":2,"featured_media":0,"parent":0,"menu_order":0,"comment_status":"closed","ping_status":"closed","template":"elementor_header_footer","meta":{"_acf_changed":false,"footnotes":""},"class_list":["post-30036","page","type-page","status-publish","hentry"],"acf":[],"_links":{"self":[{"href":"https:\/\/galeragroup.com\/ca\/wp-json\/wp\/v2\/pages\/30036","targetHints":{"allow":["GET"]}}],"collection":[{"href":"https:\/\/galeragroup.com\/ca\/wp-json\/wp\/v2\/pages"}],"about":[{"href":"https:\/\/galeragroup.com\/ca\/wp-json\/wp\/v2\/types\/page"}],"author":[{"embeddable":true,"href":"https:\/\/galeragroup.com\/ca\/wp-json\/wp\/v2\/users\/2"}],"replies":[{"embeddable":true,"href":"https:\/\/galeragroup.com\/ca\/wp-json\/wp\/v2\/comments?post=30036"}],"version-history":[{"count":6,"href":"https:\/\/galeragroup.com\/ca\/wp-json\/wp\/v2\/pages\/30036\/revisions"}],"predecessor-version":[{"id":33096,"href":"https:\/\/galeragroup.com\/ca\/wp-json\/wp\/v2\/pages\/30036\/revisions\/33096"}],"wp:attachment":[{"href":"https:\/\/galeragroup.com\/ca\/wp-json\/wp\/v2\/media?parent=30036"}],"curies":[{"name":"wp","href":"https:\/\/api.w.org\/{rel}","templated":true}]}}