{"id":29960,"date":"2025-02-24T19:04:17","date_gmt":"2025-02-24T19:04:17","guid":{"rendered":"https:\/\/galeragroup.com\/gambit-calatajud\/instal%c2%b7lacions\/"},"modified":"2025-05-13T08:30:07","modified_gmt":"2025-05-13T08:30:07","slug":"instal%c2%b7lacions","status":"publish","type":"page","link":"https:\/\/galeragroup.com\/ca\/gambito-calatayud\/instal%c2%b7lacions\/","title":{"rendered":"INSTAL\u00b7LACIONS"},"content":{"rendered":"\t\t<div data-elementor-type=\"wp-page\" data-elementor-id=\"29960\" class=\"elementor elementor-29960 elementor-21571\" data-elementor-post-type=\"page\">\n\t\t\t\t<div class=\"elementor-element elementor-element-1f64594 e-flex e-con-boxed e-con e-parent\" data-id=\"1f64594\" data-element_type=\"container\" data-e-type=\"container\">\n\t\t\t\t\t<div class=\"e-con-inner\">\n\t\t\t\t<div class=\"elementor-element elementor-element-774f8a9 e-n-tabs-mobile elementor-widget elementor-widget-n-tabs\" data-id=\"774f8a9\" data-element_type=\"widget\" data-e-type=\"widget\" data-settings=\"{&quot;tabs_justify_horizontal&quot;:&quot;center&quot;,&quot;tabs_justify_horizontal_mobile&quot;:&quot;center&quot;,&quot;horizontal_scroll_mobile&quot;:&quot;disable&quot;,&quot;horizontal_scroll&quot;:&quot;disable&quot;}\" data-widget_type=\"nested-tabs.default\">\n\t\t\t\t<div class=\"elementor-widget-container\">\n\t\t\t\t\t\t\t<div class=\"e-n-tabs\" data-widget-number=\"125106345\" aria-label=\"Tabuladors. Obre elements amb Retorn o Espai, tanca amb Esc i navega amb les tecles de fletxa.\">\n\t\t\t<div class=\"e-n-tabs-heading\" role=\"tablist\">\n\t\t\t\t\t<button id=\"e-n-tab-title-1251063451\" data-tab-title-id=\"e-n-tab-title-1251063451\" class=\"e-n-tab-title\" aria-selected=\"true\" data-tab-index=\"1\" role=\"tab\" tabindex=\"0\" aria-controls=\"e-n-tab-content-1251063451\" style=\"--n-tabs-title-order: 1;\">\n\t\t\t\t\t\t<span class=\"e-n-tab-title-text\">\n\t\t\t\tCASA CLUB\t\t\t<\/span>\n\t\t<\/button>\n\t\t\t\t<button id=\"e-n-tab-title-1251063452\" data-tab-title-id=\"e-n-tab-title-1251063452\" class=\"e-n-tab-title\" aria-selected=\"false\" data-tab-index=\"2\" role=\"tab\" tabindex=\"-1\" aria-controls=\"e-n-tab-content-1251063452\" style=\"--n-tabs-title-order: 2;\">\n\t\t\t\t\t\t<span class=\"e-n-tab-title-text\">\n\t\t\t\tRESTAURANT\t\t\t<\/span>\n\t\t<\/button>\n\t\t\t\t<button id=\"e-n-tab-title-1251063453\" data-tab-title-id=\"e-n-tab-title-1251063453\" class=\"e-n-tab-title\" aria-selected=\"false\" data-tab-index=\"3\" role=\"tab\" tabindex=\"-1\" aria-controls=\"e-n-tab-content-1251063453\" style=\"--n-tabs-title-order: 3;\">\n\t\t\t\t\t\t<span class=\"e-n-tab-title-text\">\n\t\t\t\tPISCINA\t\t\t<\/span>\n\t\t<\/button>\n\t\t\t\t\t<\/div>\n\t\t\t<div class=\"e-n-tabs-content\">\n\t\t\t\t<div id=\"e-n-tab-content-1251063451\" role=\"tabpanel\" aria-labelledby=\"e-n-tab-title-1251063451\" data-tab-index=\"1\" style=\"--n-tabs-title-order: 1;\" class=\"e-active elementor-element elementor-element-fea4832 e-con-full e-flex e-con e-child\" data-id=\"fea4832\" data-element_type=\"container\" data-e-type=\"container\">\n\t\t<div class=\"elementor-element elementor-element-60a6a40 e-con-full e-flex e-con e-child\" data-id=\"60a6a40\" data-element_type=\"container\" data-e-type=\"container\">\n\t\t\t\t<div class=\"elementor-element elementor-element-cfb7f57 elementor-widget elementor-widget-heading\" data-id=\"cfb7f57\" data-element_type=\"widget\" data-e-type=\"widget\" data-widget_type=\"heading.default\">\n\t\t\t\t<div class=\"elementor-widget-container\">\n\t\t\t\t\t<h2 class=\"elementor-heading-title elementor-size-default\">CASA CLUB<\/h2>\t\t\t\t<\/div>\n\t\t\t\t<\/div>\n\t\t\t\t<div class=\"elementor-element elementor-element-6ee6158 elementor-widget elementor-widget-text-editor\" data-id=\"6ee6158\" data-element_type=\"widget\" data-e-type=\"widget\" data-widget_type=\"text-editor.default\">\n\t\t\t\t<div class=\"elementor-widget-container\">\n\t\t\t\t\t\t\t\t\t<p>La Casa Club compta amb tots els serveis necessaris perqu\u00e8 els socis i els visitants gaudeixin d&#8217;una jornada de golf completa.<\/p><p>Disposem d\u00b4un acollidor sal\u00f3 social, ideal per relaxar-se i comentar la partida. A m\u00e9s, els jugadors tenen a la seva disposici\u00f3 vestidors, cambra de pals i taquilles per a m\u00e9s comoditat durant la seva pr\u00e0ctica.<\/p><p>Finalment, a Gambito Golf Club Calatayud sabem que no hi ha millor manera d&#8217;acabar el dia que gaudint de la variada oferta gastron\u00f2mica de la nostra cafeteria i restaurant.<\/p>\t\t\t\t\t\t\t\t<\/div>\n\t\t\t\t<\/div>\n\t\t\t\t<\/div>\n\t\t<div class=\"elementor-element elementor-element-d7a7f1c e-con-full e-flex e-con e-child\" data-id=\"d7a7f1c\" data-element_type=\"container\" data-e-type=\"container\">\n\t\t\t\t<div class=\"elementor-element elementor-element-c926f7c elementor-widget elementor-widget-image\" data-id=\"c926f7c\" data-element_type=\"widget\" data-e-type=\"widget\" data-widget_type=\"image.default\">\n\t\t\t\t<div class=\"elementor-widget-container\">\n\t\t\t\t\t\t\t\t\t\t\t\t\t\t\t<img fetchpriority=\"high\" decoding=\"async\" width=\"800\" height=\"406\" src=\"https:\/\/galeragroup.com\/wp-content\/uploads\/2025\/03\/2-2-1024x520.png\" class=\"attachment-large size-large wp-image-28464\" alt=\"\" srcset=\"https:\/\/galeragroup.com\/wp-content\/uploads\/2025\/03\/2-2-1024x520.png 1024w, https:\/\/galeragroup.com\/wp-content\/uploads\/2025\/03\/2-2-300x152.png 300w, https:\/\/galeragroup.com\/wp-content\/uploads\/2025\/03\/2-2-768x390.png 768w, https:\/\/galeragroup.com\/wp-content\/uploads\/2025\/03\/2-2-1536x780.png 1536w, https:\/\/galeragroup.com\/wp-content\/uploads\/2025\/03\/2-2-2048x1040.png 2048w\" sizes=\"(max-width: 800px) 100vw, 800px\">\t\t\t\t\t\t\t\t\t\t\t\t\t\t\t<\/div>\n\t\t\t\t<\/div>\n\t\t\t\t<\/div>\n\t\t\t\t<\/div>\n\t\t<div id=\"e-n-tab-content-1251063452\" role=\"tabpanel\" aria-labelledby=\"e-n-tab-title-1251063452\" data-tab-index=\"2\" style=\"--n-tabs-title-order: 2;\" class=\" elementor-element elementor-element-fb2906e e-con-full e-flex e-con e-child\" data-id=\"fb2906e\" data-element_type=\"container\" data-e-type=\"container\">\n\t\t<div class=\"elementor-element elementor-element-aac7684 e-con-full e-flex e-con e-child\" data-id=\"aac7684\" data-element_type=\"container\" data-e-type=\"container\">\n\t\t\t\t<div class=\"elementor-element elementor-element-3989a87 elementor-widget elementor-widget-heading\" data-id=\"3989a87\" data-element_type=\"widget\" data-e-type=\"widget\" data-widget_type=\"heading.default\">\n\t\t\t\t<div class=\"elementor-widget-container\">\n\t\t\t\t\t<h2 class=\"elementor-heading-title elementor-size-default\">RESTAURANT<\/h2>\t\t\t\t<\/div>\n\t\t\t\t<\/div>\n\t\t\t\t<div class=\"elementor-element elementor-element-528c936 elementor-widget elementor-widget-text-editor\" data-id=\"528c936\" data-element_type=\"widget\" data-e-type=\"widget\" data-widget_type=\"text-editor.default\">\n\t\t\t\t<div class=\"elementor-widget-container\">\n\t\t\t\t\t\t\t\t\t<p>El lloc perfecte per gaudir d\u00b4un \u00e0pat exquisit despr\u00e9s d\u00b4una partida o compartir un moment especial amb amics.<\/p><p>En un entorn \u00fanic, amb vista al camp de golf, t&#8217;oferim una experi\u00e8ncia gastron\u00f2mica inigualable, on qualitat i sabor es fusionen per delectar-te. Vine i gaudeix!<\/p>\t\t\t\t\t\t\t\t<\/div>\n\t\t\t\t<\/div>\n\t\t\t\t<div class=\"elementor-element elementor-element-f5b1be0 elementor-widget elementor-widget-button\" data-id=\"f5b1be0\" data-element_type=\"widget\" data-e-type=\"widget\" data-widget_type=\"button.default\">\n\t\t\t\t<div class=\"elementor-widget-container\">\n\t\t\t\t\t\t\t\t\t<div class=\"elementor-button-wrapper\">\n\t\t\t\t\t<a class=\"elementor-button elementor-button-link elementor-size-sm\" href=\"https:\/\/widget.thefork.com\/es\/8ccd8da3-fe9d-4448-b828-ec50aba08098?utm_source=gambitogolfclubcalatayud.com\" target=\"_blank\" rel=\"noopener\">\n\t\t\t\t\t\t<span class=\"elementor-button-content-wrapper\">\n\t\t\t\t\t\t\t\t\t<span class=\"elementor-button-text\">RESERVAR<\/span>\n\t\t\t\t\t<\/span>\n\t\t\t\t\t<\/a>\n\t\t\t\t<\/div>\n\t\t\t\t\t\t\t\t<\/div>\n\t\t\t\t<\/div>\n\t\t\t\t<\/div>\n\t\t<div class=\"elementor-element elementor-element-a5253e0 e-con-full e-flex e-con e-child\" data-id=\"a5253e0\" data-element_type=\"container\" data-e-type=\"container\">\n\t\t\t\t<div class=\"elementor-element elementor-element-61215ad elementor-widget elementor-widget-image\" data-id=\"61215ad\" data-element_type=\"widget\" data-e-type=\"widget\" data-widget_type=\"image.default\">\n\t\t\t\t<div class=\"elementor-widget-container\">\n\t\t\t\t\t\t\t\t\t\t\t\t\t\t\t<img decoding=\"async\" width=\"800\" height=\"406\" data-src=\"https:\/\/galeragroup.com\/wp-content\/uploads\/2025\/03\/3-1024x520.png\" class=\"attachment-large size-large wp-image-28466 lazyload\" alt=\"restaurante Calatayud\" data-srcset=\"https:\/\/galeragroup.com\/wp-content\/uploads\/2025\/03\/3-1024x520.png 1024w, https:\/\/galeragroup.com\/wp-content\/uploads\/2025\/03\/3-300x152.png 300w, https:\/\/galeragroup.com\/wp-content\/uploads\/2025\/03\/3-768x390.png 768w, https:\/\/galeragroup.com\/wp-content\/uploads\/2025\/03\/3-1536x780.png 1536w, https:\/\/galeragroup.com\/wp-content\/uploads\/2025\/03\/3-2048x1040.png 2048w\" data-sizes=\"(max-width: 800px) 100vw, 800px\" src=\"data:image\/svg+xml;base64,PHN2ZyB3aWR0aD0iMSIgaGVpZ2h0PSIxIiB4bWxucz0iaHR0cDovL3d3dy53My5vcmcvMjAwMC9zdmciPjwvc3ZnPg==\" style=\"--smush-placeholder-width: 800px; --smush-placeholder-aspect-ratio: 800\/406;\" \/>\t\t\t\t\t\t\t\t\t\t\t\t\t\t\t<\/div>\n\t\t\t\t<\/div>\n\t\t\t\t<\/div>\n\t\t\t\t<\/div>\n\t\t<div id=\"e-n-tab-content-1251063453\" role=\"tabpanel\" aria-labelledby=\"e-n-tab-title-1251063453\" data-tab-index=\"3\" style=\"--n-tabs-title-order: 3;\" class=\" elementor-element elementor-element-ae331d5 e-con-full e-flex e-con e-child\" data-id=\"ae331d5\" data-element_type=\"container\" data-e-type=\"container\">\n\t\t<div class=\"elementor-element elementor-element-f66c614 e-con-full e-flex e-con e-child\" data-id=\"f66c614\" data-element_type=\"container\" data-e-type=\"container\">\n\t\t\t\t<div class=\"elementor-element elementor-element-f4625d4 elementor-widget elementor-widget-heading\" data-id=\"f4625d4\" data-element_type=\"widget\" data-e-type=\"widget\" data-widget_type=\"heading.default\">\n\t\t\t\t<div class=\"elementor-widget-container\">\n\t\t\t\t\t<h2 class=\"elementor-heading-title elementor-size-default\">PISCINA<\/h2>\t\t\t\t<\/div>\n\t\t\t\t<\/div>\n\t\t\t\t<div class=\"elementor-element elementor-element-b863766 elementor-widget elementor-widget-text-editor\" data-id=\"b863766\" data-element_type=\"widget\" data-e-type=\"widget\" data-widget_type=\"text-editor.default\">\n\t\t\t\t<div class=\"elementor-widget-container\">\n\t\t\t\t\t\t\t\t\t<p>A Gambito Golf Club Calatayud, no nom\u00e9s gaudim del golf, sin\u00f3 tamb\u00e9 de moments de relax i diversi\u00f3. La nostra piscina exterior \u00e9s el lloc perfecte per refrescar-se, desconnectar i compartir bons moments amb fam\u00edlia i amics.<\/p><p>Ubicada en un entorn privilegiat, ofereix un ambient tranquil i inigualable per gaudir del sol i l\u00b4aigua despr\u00e9s d\u00b4una jornada d\u00b4esport.<\/p>\t\t\t\t\t\t\t\t<\/div>\n\t\t\t\t<\/div>\n\t\t\t\t<\/div>\n\t\t<div class=\"elementor-element elementor-element-dce6c84 e-con-full e-flex e-con e-child\" data-id=\"dce6c84\" data-element_type=\"container\" data-e-type=\"container\">\n\t\t\t\t<div class=\"elementor-element elementor-element-f83f52d elementor-widget elementor-widget-image\" data-id=\"f83f52d\" data-element_type=\"widget\" data-e-type=\"widget\" data-widget_type=\"image.default\">\n\t\t\t\t<div class=\"elementor-widget-container\">\n\t\t\t\t\t\t\t\t\t\t\t\t\t\t\t<img decoding=\"async\" width=\"800\" height=\"406\" data-src=\"https:\/\/galeragroup.com\/wp-content\/uploads\/2025\/03\/1-2-1024x520.png\" class=\"attachment-large size-large wp-image-28462 lazyload\" alt=\"\" data-srcset=\"https:\/\/galeragroup.com\/wp-content\/uploads\/2025\/03\/1-2-1024x520.png 1024w, https:\/\/galeragroup.com\/wp-content\/uploads\/2025\/03\/1-2-300x152.png 300w, https:\/\/galeragroup.com\/wp-content\/uploads\/2025\/03\/1-2-768x390.png 768w, https:\/\/galeragroup.com\/wp-content\/uploads\/2025\/03\/1-2-1536x780.png 1536w, https:\/\/galeragroup.com\/wp-content\/uploads\/2025\/03\/1-2-2048x1040.png 2048w\" data-sizes=\"(max-width: 800px) 100vw, 800px\" src=\"data:image\/svg+xml;base64,PHN2ZyB3aWR0aD0iMSIgaGVpZ2h0PSIxIiB4bWxucz0iaHR0cDovL3d3dy53My5vcmcvMjAwMC9zdmciPjwvc3ZnPg==\" style=\"--smush-placeholder-width: 800px; --smush-placeholder-aspect-ratio: 800\/406;\">\t\t\t\t\t\t\t\t\t\t\t\t\t\t\t<\/div>\n\t\t\t\t<\/div>\n\t\t\t\t<\/div>\n\t\t\t\t<\/div>\n\t\t\t\t\t<\/div>\n\t\t<\/div>\n\t\t\t\t\t\t<\/div>\n\t\t\t\t<\/div>\n\t\t\t\t\t<\/div>\n\t\t\t\t<\/div>\n\t\t\t\t<\/div>\n\t\t","protected":false},"excerpt":{"rendered":"<p>CASA CLUB RESTAURANT PISCINA CASA CLUB La Casa Club compta amb tots els serveis necessaris perqu\u00e8 els socis i els visitants gaudeixin d\u2019una jornada de golf completa. Disposem d\u00b4un acollidor sal\u00f3 social, ideal per relaxar-se i comentar la partida. A m\u00e9s, els jugadors tenen a la seva disposici\u00f3 vestidors, cambra de pals i taquilles per [&hellip;]<\/p>\n","protected":false},"author":2,"featured_media":0,"parent":29906,"menu_order":0,"comment_status":"closed","ping_status":"closed","template":"","meta":{"_acf_changed":false,"footnotes":""},"class_list":["post-29960","page","type-page","status-publish","hentry"],"acf":[],"_links":{"self":[{"href":"https:\/\/galeragroup.com\/ca\/wp-json\/wp\/v2\/pages\/29960","targetHints":{"allow":["GET"]}}],"collection":[{"href":"https:\/\/galeragroup.com\/ca\/wp-json\/wp\/v2\/pages"}],"about":[{"href":"https:\/\/galeragroup.com\/ca\/wp-json\/wp\/v2\/types\/page"}],"author":[{"embeddable":true,"href":"https:\/\/galeragroup.com\/ca\/wp-json\/wp\/v2\/users\/2"}],"replies":[{"embeddable":true,"href":"https:\/\/galeragroup.com\/ca\/wp-json\/wp\/v2\/comments?post=29960"}],"version-history":[{"count":3,"href":"https:\/\/galeragroup.com\/ca\/wp-json\/wp\/v2\/pages\/29960\/revisions"}],"predecessor-version":[{"id":32784,"href":"https:\/\/galeragroup.com\/ca\/wp-json\/wp\/v2\/pages\/29960\/revisions\/32784"}],"up":[{"embeddable":true,"href":"https:\/\/galeragroup.com\/ca\/wp-json\/wp\/v2\/pages\/29906"}],"wp:attachment":[{"href":"https:\/\/galeragroup.com\/ca\/wp-json\/wp\/v2\/media?parent=29960"}],"curies":[{"name":"wp","href":"https:\/\/api.w.org\/{rel}","templated":true}]}}