{"id":29958,"date":"2025-02-24T19:48:12","date_gmt":"2025-02-24T19:48:12","guid":{"rendered":"https:\/\/galeragroup.com\/gambit-calatajud\/escola\/"},"modified":"2025-05-13T08:26:22","modified_gmt":"2025-05-13T08:26:22","slug":"escola","status":"publish","type":"page","link":"https:\/\/galeragroup.com\/ca\/gambito-calatayud\/escola\/","title":{"rendered":"ESCOLA"},"content":{"rendered":"\t\t<div data-elementor-type=\"wp-page\" data-elementor-id=\"29958\" class=\"elementor elementor-29958 elementor-21619\" data-elementor-post-type=\"page\">\n\t\t\t\t\t\t<section class=\"elementor-section elementor-top-section elementor-element elementor-element-5d78086 elementor-reverse-mobile elementor-section-boxed elementor-section-height-default elementor-section-height-default\" data-id=\"5d78086\" data-element_type=\"section\" data-e-type=\"section\">\n\t\t\t\t\t\t<div class=\"elementor-container elementor-column-gap-default\">\n\t\t\t\t\t<div class=\"elementor-column elementor-col-50 elementor-top-column elementor-element elementor-element-fa95afe\" data-id=\"fa95afe\" data-element_type=\"column\" data-e-type=\"column\">\n\t\t\t<div class=\"elementor-widget-wrap elementor-element-populated\">\n\t\t\t\t\t\t<section class=\"elementor-section elementor-inner-section elementor-element elementor-element-d86b434 elementor-section-boxed elementor-section-height-default elementor-section-height-default\" data-id=\"d86b434\" data-element_type=\"section\" data-e-type=\"section\">\n\t\t\t\t\t\t<div class=\"elementor-container elementor-column-gap-default\">\n\t\t\t\t\t<div class=\"elementor-column elementor-col-50 elementor-inner-column elementor-element elementor-element-7030d3e\" data-id=\"7030d3e\" data-element_type=\"column\" data-e-type=\"column\">\n\t\t\t<div class=\"elementor-widget-wrap elementor-element-populated\">\n\t\t\t\t\t\t<div class=\"elementor-element elementor-element-fcba78b elementor-widget elementor-widget-image\" data-id=\"fcba78b\" data-element_type=\"widget\" data-e-type=\"widget\" data-widget_type=\"image.default\">\n\t\t\t\t<div class=\"elementor-widget-container\">\n\t\t\t\t\t\t\t\t\t\t\t\t\t\t\t<img fetchpriority=\"high\" decoding=\"async\" width=\"2560\" height=\"1707\" src=\"https:\/\/galeragroup.com\/wp-content\/uploads\/2025\/03\/escuela2-scaled.jpg\" class=\"attachment-full size-full wp-image-28374\" alt=\"\" srcset=\"https:\/\/galeragroup.com\/wp-content\/uploads\/2025\/03\/escuela2-scaled.jpg 2560w, https:\/\/galeragroup.com\/wp-content\/uploads\/2025\/03\/escuela2-300x200.jpg 300w, https:\/\/galeragroup.com\/wp-content\/uploads\/2025\/03\/escuela2-1024x683.jpg 1024w, https:\/\/galeragroup.com\/wp-content\/uploads\/2025\/03\/escuela2-768x512.jpg 768w, https:\/\/galeragroup.com\/wp-content\/uploads\/2025\/03\/escuela2-1536x1024.jpg 1536w, https:\/\/galeragroup.com\/wp-content\/uploads\/2025\/03\/escuela2-2048x1365.jpg 2048w\" sizes=\"(max-width: 2560px) 100vw, 2560px\">\t\t\t\t\t\t\t\t\t\t\t\t\t\t\t<\/div>\n\t\t\t\t<\/div>\n\t\t\t\t\t<\/div>\n\t\t<\/div>\n\t\t\t\t<div class=\"elementor-column elementor-col-50 elementor-inner-column elementor-element elementor-element-c286199\" data-id=\"c286199\" data-element_type=\"column\" data-e-type=\"column\">\n\t\t\t<div class=\"elementor-widget-wrap elementor-element-populated\">\n\t\t\t\t\t\t<div class=\"elementor-element elementor-element-391948d elementor-widget elementor-widget-image\" data-id=\"391948d\" data-element_type=\"widget\" data-e-type=\"widget\" data-widget_type=\"image.default\">\n\t\t\t\t<div class=\"elementor-widget-container\">\n\t\t\t\t\t\t\t\t\t\t\t\t\t\t\t<img decoding=\"async\" width=\"800\" height=\"491\" data-src=\"https:\/\/galeragroup.com\/wp-content\/uploads\/2025\/03\/escuela6-1024x629.jpg\" class=\"attachment-large size-large wp-image-28376 lazyload\" alt=\"\" data-srcset=\"https:\/\/galeragroup.com\/wp-content\/uploads\/2025\/03\/escuela6-1024x629.jpg 1024w, https:\/\/galeragroup.com\/wp-content\/uploads\/2025\/03\/escuela6-300x184.jpg 300w, https:\/\/galeragroup.com\/wp-content\/uploads\/2025\/03\/escuela6-768x472.jpg 768w, https:\/\/galeragroup.com\/wp-content\/uploads\/2025\/03\/escuela6-1536x944.jpg 1536w, https:\/\/galeragroup.com\/wp-content\/uploads\/2025\/03\/escuela6-2048x1258.jpg 2048w\" data-sizes=\"(max-width: 800px) 100vw, 800px\" src=\"data:image\/svg+xml;base64,PHN2ZyB3aWR0aD0iMSIgaGVpZ2h0PSIxIiB4bWxucz0iaHR0cDovL3d3dy53My5vcmcvMjAwMC9zdmciPjwvc3ZnPg==\" style=\"--smush-placeholder-width: 800px; --smush-placeholder-aspect-ratio: 800\/491;\">\t\t\t\t\t\t\t\t\t\t\t\t\t\t\t<\/div>\n\t\t\t\t<\/div>\n\t\t\t\t<div class=\"elementor-element elementor-element-80476c2 elementor-widget elementor-widget-image\" data-id=\"80476c2\" data-element_type=\"widget\" data-e-type=\"widget\" data-widget_type=\"image.default\">\n\t\t\t\t<div class=\"elementor-widget-container\">\n\t\t\t\t\t\t\t\t\t\t\t\t\t\t\t<img decoding=\"async\" width=\"800\" height=\"448\" data-src=\"https:\/\/galeragroup.com\/wp-content\/uploads\/2025\/03\/escuela3-1024x574.jpg\" class=\"attachment-large size-large wp-image-28378 lazyload\" alt=\"\" data-srcset=\"https:\/\/galeragroup.com\/wp-content\/uploads\/2025\/03\/escuela3-1024x574.jpg 1024w, https:\/\/galeragroup.com\/wp-content\/uploads\/2025\/03\/escuela3-300x168.jpg 300w, https:\/\/galeragroup.com\/wp-content\/uploads\/2025\/03\/escuela3-768x431.jpg 768w, https:\/\/galeragroup.com\/wp-content\/uploads\/2025\/03\/escuela3-1536x862.jpg 1536w, https:\/\/galeragroup.com\/wp-content\/uploads\/2025\/03\/escuela3-2048x1149.jpg 2048w\" data-sizes=\"(max-width: 800px) 100vw, 800px\" src=\"data:image\/svg+xml;base64,PHN2ZyB3aWR0aD0iMSIgaGVpZ2h0PSIxIiB4bWxucz0iaHR0cDovL3d3dy53My5vcmcvMjAwMC9zdmciPjwvc3ZnPg==\" style=\"--smush-placeholder-width: 800px; --smush-placeholder-aspect-ratio: 800\/448;\">\t\t\t\t\t\t\t\t\t\t\t\t\t\t\t<\/div>\n\t\t\t\t<\/div>\n\t\t\t\t\t<\/div>\n\t\t<\/div>\n\t\t\t\t\t<\/div>\n\t\t<\/section>\n\t\t\t\t\t<\/div>\n\t\t<\/div>\n\t\t\t\t<div class=\"elementor-column elementor-col-50 elementor-top-column elementor-element elementor-element-a868be2\" data-id=\"a868be2\" data-element_type=\"column\" data-e-type=\"column\">\n\t\t\t<div class=\"elementor-widget-wrap elementor-element-populated\">\n\t\t\t\t\t\t<div class=\"elementor-element elementor-element-c87d33c elementor-widget elementor-widget-heading\" data-id=\"c87d33c\" data-element_type=\"widget\" data-e-type=\"widget\" data-widget_type=\"heading.default\">\n\t\t\t\t<div class=\"elementor-widget-container\">\n\t\t\t\t\t<h2 class=\"elementor-heading-title elementor-size-default\">PROGRAMACI\u00d3 I DETALLS\n<\/h2>\t\t\t\t<\/div>\n\t\t\t\t<\/div>\n\t\t\t\t<div class=\"elementor-element elementor-element-26d11e8 elementor-widget elementor-widget-text-editor\" data-id=\"26d11e8\" data-element_type=\"widget\" data-e-type=\"widget\" data-widget_type=\"text-editor.default\">\n\t\t\t\t<div class=\"elementor-widget-container\">\n\t\t\t\t\t\t\t\t\t<p>Aqu\u00ed trobar\u00e0s tota la informaci\u00f3 que necessites sobre les dates i programaci\u00f3 que tenim preparades<\/p>\t\t\t\t\t\t\t\t<\/div>\n\t\t\t\t<\/div>\n\t\t\t\t<div class=\"elementor-element elementor-element-ac71dfb elementor-widget elementor-widget-heading\" data-id=\"ac71dfb\" data-element_type=\"widget\" data-e-type=\"widget\" data-widget_type=\"heading.default\">\n\t\t\t\t<div class=\"elementor-widget-container\">\n\t\t\t\t\t<h2 class=\"elementor-heading-title elementor-size-default\">PROGRAMACI\u00d3<\/h2>\t\t\t\t<\/div>\n\t\t\t\t<\/div>\n\t\t\t\t<div class=\"elementor-element elementor-element-dd25c8a elementor-widget-divider--view-line elementor-widget elementor-widget-divider\" data-id=\"dd25c8a\" data-element_type=\"widget\" data-e-type=\"widget\" data-widget_type=\"divider.default\">\n\t\t\t\t<div class=\"elementor-widget-container\">\n\t\t\t\t\t\t\t<div class=\"elementor-divider\">\n\t\t\t<span class=\"elementor-divider-separator\">\n\t\t\t\t\t\t<\/span>\n\t\t<\/div>\n\t\t\t\t\t\t<\/div>\n\t\t\t\t<\/div>\n\t\t\t\t<div class=\"elementor-element elementor-element-f38fcae elementor-widget elementor-widget-heading\" data-id=\"f38fcae\" data-element_type=\"widget\" data-e-type=\"widget\" data-widget_type=\"heading.default\">\n\t\t\t\t<div class=\"elementor-widget-container\">\n\t\t\t\t\t<h2 class=\"elementor-heading-title elementor-size-default\">Swing, Putt, Approach, B\u00fanquer Sortides Al Pitch And Putt.<\/h2>\t\t\t\t<\/div>\n\t\t\t\t<\/div>\n\t\t\t\t<div class=\"elementor-element elementor-element-07894de elementor-widget elementor-widget-heading\" data-id=\"07894de\" data-element_type=\"widget\" data-e-type=\"widget\" data-widget_type=\"heading.default\">\n\t\t\t\t<div class=\"elementor-widget-container\">\n\t\t\t\t\t<h2 class=\"elementor-heading-title elementor-size-default\">Estrat\u00e8gia Lliga Escola\n<\/h2>\t\t\t\t<\/div>\n\t\t\t\t<\/div>\n\t\t\t\t<div class=\"elementor-element elementor-element-a0e45fb elementor-widget elementor-widget-heading\" data-id=\"a0e45fb\" data-element_type=\"widget\" data-e-type=\"widget\" data-widget_type=\"heading.default\">\n\t\t\t\t<div class=\"elementor-widget-container\">\n\t\t\t\t\t<h2 class=\"elementor-heading-title elementor-size-default\">R\u00e0nquing Infantil\n<\/h2>\t\t\t\t<\/div>\n\t\t\t\t<\/div>\n\t\t\t\t<div class=\"elementor-element elementor-element-dc6aea2 elementor-widget elementor-widget-heading\" data-id=\"dc6aea2\" data-element_type=\"widget\" data-e-type=\"widget\" data-widget_type=\"heading.default\">\n\t\t\t\t<div class=\"elementor-widget-container\">\n\t\t\t\t\t<h2 class=\"elementor-heading-title elementor-size-default\">TRIMESTRES<\/h2>\t\t\t\t<\/div>\n\t\t\t\t<\/div>\n\t\t\t\t<div class=\"elementor-element elementor-element-f20fa4c elementor-widget-divider--view-line elementor-widget elementor-widget-divider\" data-id=\"f20fa4c\" data-element_type=\"widget\" data-e-type=\"widget\" data-widget_type=\"divider.default\">\n\t\t\t\t<div class=\"elementor-widget-container\">\n\t\t\t\t\t\t\t<div class=\"elementor-divider\">\n\t\t\t<span class=\"elementor-divider-separator\">\n\t\t\t\t\t\t<\/span>\n\t\t<\/div>\n\t\t\t\t\t\t<\/div>\n\t\t\t\t<\/div>\n\t\t\t\t<div class=\"elementor-element elementor-element-f59ef03 elementor-widget elementor-widget-heading\" data-id=\"f59ef03\" data-element_type=\"widget\" data-e-type=\"widget\" data-widget_type=\"heading.default\">\n\t\t\t\t<div class=\"elementor-widget-container\">\n\t\t\t\t\t<h2 class=\"elementor-heading-title elementor-size-default\">Del 21 de setembre al 21 de desembre<\/h2>\t\t\t\t<\/div>\n\t\t\t\t<\/div>\n\t\t\t\t<div class=\"elementor-element elementor-element-e1b1486 elementor-widget elementor-widget-heading\" data-id=\"e1b1486\" data-element_type=\"widget\" data-e-type=\"widget\" data-widget_type=\"heading.default\">\n\t\t\t\t<div class=\"elementor-widget-container\">\n\t\t\t\t\t<h2 class=\"elementor-heading-title elementor-size-default\">De l'11 de gener al 22 de mar\u00e7<\/h2>\t\t\t\t<\/div>\n\t\t\t\t<\/div>\n\t\t\t\t<div class=\"elementor-element elementor-element-1d9d063 elementor-widget elementor-widget-heading\" data-id=\"1d9d063\" data-element_type=\"widget\" data-e-type=\"widget\" data-widget_type=\"heading.default\">\n\t\t\t\t<div class=\"elementor-widget-container\">\n\t\t\t\t\t<h2 class=\"elementor-heading-title elementor-size-default\">Del 29 de Mar\u00e7 al 14 de Juny<\/h2>\t\t\t\t<\/div>\n\t\t\t\t<\/div>\n\t\t\t\t<div class=\"elementor-element elementor-element-b8e4cb5 elementor-widget elementor-widget-button\" data-id=\"b8e4cb5\" data-element_type=\"widget\" data-e-type=\"widget\" data-widget_type=\"button.default\">\n\t\t\t\t<div class=\"elementor-widget-container\">\n\t\t\t\t\t\t\t\t\t<div class=\"elementor-button-wrapper\">\n\t\t\t\t\t<a class=\"elementor-button elementor-button-link elementor-size-sm\" href=\"tel:+34976891900\">\n\t\t\t\t\t\t<span class=\"elementor-button-content-wrapper\">\n\t\t\t\t\t\t<span class=\"elementor-button-icon\">\n\t\t\t\t<i aria-hidden=\"true\" class=\"fas fa-phone-alt\"><\/i>\t\t\t<\/span>\n\t\t\t\t\t\t\t\t\t<span class=\"elementor-button-text\">RESERVAR ARA<\/span>\n\t\t\t\t\t<\/span>\n\t\t\t\t\t<\/a>\n\t\t\t\t<\/div>\n\t\t\t\t\t\t\t\t<\/div>\n\t\t\t\t<\/div>\n\t\t\t\t\t<\/div>\n\t\t<\/div>\n\t\t\t\t\t<\/div>\n\t\t<\/section>\n\t\t\t\t<\/div>\n\t\t","protected":false},"excerpt":{"rendered":"<p>PROGRAMACI\u00d3 I DETALLS Aqu\u00ed trobar\u00e0s tota la informaci\u00f3 que necessites sobre les dates i programaci\u00f3 que tenim preparades PROGRAMACI\u00d3 Swing, Putt, Approach, B\u00fanquer Sortides Al Pitch And Putt. Estrat\u00e8gia Lliga Escola R\u00e0nquing Infantil TRIMESTRES Del 21 de setembre al 21 de desembre De l&#8217;11 de gener al 22 de mar\u00e7 Del 29 de Mar\u00e7 al [&hellip;]<\/p>\n","protected":false},"author":2,"featured_media":0,"parent":29906,"menu_order":0,"comment_status":"closed","ping_status":"closed","template":"","meta":{"_acf_changed":false,"footnotes":""},"class_list":["post-29958","page","type-page","status-publish","hentry"],"acf":[],"_links":{"self":[{"href":"https:\/\/galeragroup.com\/ca\/wp-json\/wp\/v2\/pages\/29958","targetHints":{"allow":["GET"]}}],"collection":[{"href":"https:\/\/galeragroup.com\/ca\/wp-json\/wp\/v2\/pages"}],"about":[{"href":"https:\/\/galeragroup.com\/ca\/wp-json\/wp\/v2\/types\/page"}],"author":[{"embeddable":true,"href":"https:\/\/galeragroup.com\/ca\/wp-json\/wp\/v2\/users\/2"}],"replies":[{"embeddable":true,"href":"https:\/\/galeragroup.com\/ca\/wp-json\/wp\/v2\/comments?post=29958"}],"version-history":[{"count":4,"href":"https:\/\/galeragroup.com\/ca\/wp-json\/wp\/v2\/pages\/29958\/revisions"}],"predecessor-version":[{"id":32774,"href":"https:\/\/galeragroup.com\/ca\/wp-json\/wp\/v2\/pages\/29958\/revisions\/32774"}],"up":[{"embeddable":true,"href":"https:\/\/galeragroup.com\/ca\/wp-json\/wp\/v2\/pages\/29906"}],"wp:attachment":[{"href":"https:\/\/galeragroup.com\/ca\/wp-json\/wp\/v2\/media?parent=29958"}],"curies":[{"name":"wp","href":"https:\/\/api.w.org\/{rel}","templated":true}]}}