{"id":29944,"date":"2021-09-23T13:32:44","date_gmt":"2021-09-23T13:32:44","guid":{"rendered":"https:\/\/galeragroup.com\/gambito-golf\/"},"modified":"2025-05-13T13:32:12","modified_gmt":"2025-05-13T13:32:12","slug":"gambito-golf","status":"publish","type":"page","link":"https:\/\/galeragroup.com\/ca\/gambito-golf\/","title":{"rendered":"GAMBITO GOLF"},"content":{"rendered":"\t\t<div data-elementor-type=\"wp-page\" data-elementor-id=\"29944\" class=\"elementor elementor-29944 elementor-20587\" data-elementor-post-type=\"page\">\n\t\t\t\t\t\t<section class=\"elementor-section elementor-top-section elementor-element elementor-element-67d66d8 elementor-section-height-min-height elementor-section-stretched elementor-section-boxed elementor-section-height-default elementor-section-items-middle\" data-id=\"67d66d8\" data-element_type=\"section\" data-e-type=\"section\" data-settings=\"{&quot;background_background&quot;:&quot;video&quot;,&quot;background_video_link&quot;:&quot;https:\\\/\\\/galeragroup.com\\\/wp-content\\\/uploads\\\/2025\\\/03\\\/video-home-editado.mp4&quot;,&quot;background_play_on_mobile&quot;:&quot;yes&quot;,&quot;stretch_section&quot;:&quot;section-stretched&quot;}\">\n\t\t\t\t\t\t\t\t<div class=\"elementor-background-video-container\">\n\t\t\t\t\t\t\t\t\t\t\t\t\t<video class=\"elementor-background-video-hosted\" role=\"presentation\" autoplay muted playsinline loop><\/video>\n\t\t\t\t\t\t\t\t\t\t\t<\/div>\n\t\t\t\t\t\t\t\t<div class=\"elementor-container elementor-column-gap-default\">\n\t\t\t\t\t<div class=\"elementor-column elementor-col-100 elementor-top-column elementor-element elementor-element-4ae951b\" data-id=\"4ae951b\" data-element_type=\"column\" data-e-type=\"column\">\n\t\t\t<div class=\"elementor-widget-wrap elementor-element-populated\">\n\t\t\t\t\t\t<div class=\"elementor-element elementor-element-3d10f8a elementor-widget elementor-widget-spacer\" data-id=\"3d10f8a\" data-element_type=\"widget\" data-e-type=\"widget\" data-widget_type=\"spacer.default\">\n\t\t\t\t<div class=\"elementor-widget-container\">\n\t\t\t\t\t\t\t<div class=\"elementor-spacer\">\n\t\t\t<div class=\"elementor-spacer-inner\"><\/div>\n\t\t<\/div>\n\t\t\t\t\t\t<\/div>\n\t\t\t\t<\/div>\n\t\t\t\t\t<\/div>\n\t\t<\/div>\n\t\t\t\t\t<\/div>\n\t\t<\/section>\n\t\t\t\t<section class=\"elementor-section elementor-top-section elementor-element elementor-element-5b292c6 elementor-section-content-middle elementor-section-stretched elementor-reverse-mobile elementor-section-boxed elementor-section-height-default elementor-section-height-default\" data-id=\"5b292c6\" data-element_type=\"section\" data-e-type=\"section\" data-settings=\"{&quot;stretch_section&quot;:&quot;section-stretched&quot;}\">\n\t\t\t\t\t\t<div class=\"elementor-container elementor-column-gap-default\">\n\t\t\t\t\t<div class=\"elementor-column elementor-col-100 elementor-top-column elementor-element elementor-element-42ed294\" data-id=\"42ed294\" data-element_type=\"column\" data-e-type=\"column\">\n\t\t\t<div class=\"elementor-widget-wrap elementor-element-populated\">\n\t\t\t\t\t\t<div class=\"elementor-element elementor-element-a7c7ca8 elementor-widget elementor-widget-heading\" data-id=\"a7c7ca8\" data-element_type=\"widget\" data-e-type=\"widget\" data-widget_type=\"heading.default\">\n\t\t\t\t<div class=\"elementor-widget-container\">\n\t\t\t\t\t<h3 class=\"elementor-heading-title elementor-size-default\">A GAMBITO GOLF ENS ESPECIALITZEM EN M\u00c0RQUETING ESPORTIU AMB M\u00c9S DE 20 ANYS D'EXPERI\u00c8NCIA EN ORGANITZACI\u00d3 DE TORNEJOS I ESDEVENIMENTS RELACIONATS AMB EL M\u00d3N DEL GOLF I AMB UNA MITJANA ANUAL DE M\u00c9S DE 10.000 JUGADORS.<\/h3>\t\t\t\t<\/div>\n\t\t\t\t<\/div>\n\t\t\t\t\t<\/div>\n\t\t<\/div>\n\t\t\t\t\t<\/div>\n\t\t<\/section>\n\t\t\t\t<section class=\"elementor-section elementor-top-section elementor-element elementor-element-4d19ac1 elementor-section-height-min-height elementor-section-stretched elementor-section-boxed elementor-section-height-default elementor-section-items-middle\" data-id=\"4d19ac1\" data-element_type=\"section\" data-e-type=\"section\" data-settings=\"{&quot;stretch_section&quot;:&quot;section-stretched&quot;,&quot;background_background&quot;:&quot;classic&quot;}\">\n\t\t\t\t\t\t<div class=\"elementor-container elementor-column-gap-default\">\n\t\t\t\t\t<div class=\"elementor-column elementor-col-100 elementor-top-column elementor-element elementor-element-d20beae\" data-id=\"d20beae\" data-element_type=\"column\" data-e-type=\"column\">\n\t\t\t<div class=\"elementor-widget-wrap\">\n\t\t\t\t\t\t\t<\/div>\n\t\t<\/div>\n\t\t\t\t\t<\/div>\n\t\t<\/section>\n\t\t\t\t<section class=\"elementor-section elementor-top-section elementor-element elementor-element-a520580 elementor-section-stretched elementor-section-boxed elementor-section-height-default elementor-section-height-default\" data-id=\"a520580\" data-element_type=\"section\" data-e-type=\"section\" data-settings=\"{&quot;stretch_section&quot;:&quot;section-stretched&quot;}\">\n\t\t\t\t\t\t<div class=\"elementor-container elementor-column-gap-no\">\n\t\t\t\t\t<div class=\"elementor-column elementor-col-100 elementor-top-column elementor-element elementor-element-4fb3a19\" data-id=\"4fb3a19\" data-element_type=\"column\" data-e-type=\"column\">\n\t\t\t<div class=\"elementor-widget-wrap elementor-element-populated\">\n\t\t\t\t\t\t<section class=\"elementor-section elementor-inner-section elementor-element elementor-element-d2abac6 elementor-section-boxed elementor-section-height-default elementor-section-height-default\" data-id=\"d2abac6\" data-element_type=\"section\" data-e-type=\"section\">\n\t\t\t\t\t\t<div class=\"elementor-container elementor-column-gap-custom\">\n\t\t\t\t\t<div class=\"elementor-column elementor-col-33 elementor-inner-column elementor-element elementor-element-6ebd6ae\" data-id=\"6ebd6ae\" data-element_type=\"column\" data-e-type=\"column\">\n\t\t\t<div class=\"elementor-widget-wrap elementor-element-populated\">\n\t\t\t\t\t\t<section class=\"elementor-section elementor-inner-section elementor-element elementor-element-8e968b3 elementor-section-boxed elementor-section-height-default elementor-section-height-default\" data-id=\"8e968b3\" data-element_type=\"section\" data-e-type=\"section\">\n\t\t\t\t\t\t<div class=\"elementor-container elementor-column-gap-default\">\n\t\t\t\t\t<div class=\"elementor-column elementor-col-100 elementor-inner-column elementor-element elementor-element-5562fa5\" data-id=\"5562fa5\" data-element_type=\"column\" data-e-type=\"column\">\n\t\t\t<div class=\"elementor-widget-wrap elementor-element-populated\">\n\t\t\t\t\t\t<div class=\"elementor-element elementor-element-cf35c3f elementor-widget elementor-widget-heading\" data-id=\"cf35c3f\" data-element_type=\"widget\" data-e-type=\"widget\" data-widget_type=\"heading.default\">\n\t\t\t\t<div class=\"elementor-widget-container\">\n\t\t\t\t\t<h3 class=\"elementor-heading-title elementor-size-default\">CIRCUIT AMATEUR<\/h3>\t\t\t\t<\/div>\n\t\t\t\t<\/div>\n\t\t\t\t<div class=\"elementor-element elementor-element-a4b65d3 elementor-widget elementor-widget-text-editor\" data-id=\"a4b65d3\" data-element_type=\"widget\" data-e-type=\"widget\" data-widget_type=\"text-editor.default\">\n\t\t\t\t<div class=\"elementor-widget-container\">\n\t\t\t\t\t\t\t\t\t<p>Circuit Premium Mahou San Miguel, 41 proves disputades al llarg de tot el territori nacional.<\/p>\t\t\t\t\t\t\t\t<\/div>\n\t\t\t\t<\/div>\n\t\t\t\t\t<\/div>\n\t\t<\/div>\n\t\t\t\t\t<\/div>\n\t\t<\/section>\n\t\t\t\t<div class=\"elementor-element elementor-element-82eb543 elementor-align-center elementor-widget elementor-widget-button\" data-id=\"82eb543\" data-element_type=\"widget\" data-e-type=\"widget\" data-widget_type=\"button.default\">\n\t\t\t\t<div class=\"elementor-widget-container\">\n\t\t\t\t\t\t\t\t\t<div class=\"elementor-button-wrapper\">\n\t\t\t\t\t<a class=\"elementor-button elementor-button-link elementor-size-sm\" href=\"https:\/\/galeragroup.com\/ca\/gambito-golf\/circuit-premium-mahou-san-miguel\/\">\n\t\t\t\t\t\t<span class=\"elementor-button-content-wrapper\">\n\t\t\t\t\t\t\t\t\t<span class=\"elementor-button-text\">SABER M\u00c9S<\/span>\n\t\t\t\t\t<\/span>\n\t\t\t\t\t<\/a>\n\t\t\t\t<\/div>\n\t\t\t\t\t\t\t\t<\/div>\n\t\t\t\t<\/div>\n\t\t\t\t<div class=\"elementor-element elementor-element-0f7bef3 elementor-widget-tablet__width-initial elementor-widget-mobile__width-inherit elementor-widget elementor-widget-image\" data-id=\"0f7bef3\" data-element_type=\"widget\" data-e-type=\"widget\" data-widget_type=\"image.default\">\n\t\t\t\t<div class=\"elementor-widget-container\">\n\t\t\t\t\t\t\t\t\t\t\t\t\t\t\t<img fetchpriority=\"high\" decoding=\"async\" width=\"800\" height=\"450\" src=\"https:\/\/galeragroup.com\/wp-content\/uploads\/2025\/03\/circuitoamateur3-1024x576.jpg\" class=\"attachment-large size-large wp-image-28336\" alt=\"Golf en Zaragoza\" srcset=\"https:\/\/galeragroup.com\/wp-content\/uploads\/2025\/03\/circuitoamateur3-1024x576.jpg 1024w, https:\/\/galeragroup.com\/wp-content\/uploads\/2025\/03\/circuitoamateur3-300x169.jpg 300w, https:\/\/galeragroup.com\/wp-content\/uploads\/2025\/03\/circuitoamateur3-768x432.jpg 768w, https:\/\/galeragroup.com\/wp-content\/uploads\/2025\/03\/circuitoamateur3.jpg 1500w\" sizes=\"(max-width: 800px) 100vw, 800px\" \/>\t\t\t\t\t\t\t\t\t\t\t\t\t\t\t<\/div>\n\t\t\t\t<\/div>\n\t\t\t\t\t<\/div>\n\t\t<\/div>\n\t\t\t\t<div class=\"elementor-column elementor-col-33 elementor-inner-column elementor-element elementor-element-486bc2b\" data-id=\"486bc2b\" data-element_type=\"column\" data-e-type=\"column\" data-settings=\"{&quot;background_background&quot;:&quot;classic&quot;}\">\n\t\t\t<div class=\"elementor-widget-wrap elementor-element-populated\">\n\t\t\t\t<div class=\"elementor-element elementor-element-01e6b34 e-flex e-con-boxed e-con e-parent\" data-id=\"01e6b34\" data-element_type=\"container\" data-e-type=\"container\" data-settings=\"{&quot;background_background&quot;:&quot;classic&quot;}\">\n\t\t\t\t\t<div class=\"e-con-inner\">\n\t\t\t\t<div class=\"elementor-element elementor-element-9f5d84c elementor-widget elementor-widget-spacer\" data-id=\"9f5d84c\" data-element_type=\"widget\" data-e-type=\"widget\" data-widget_type=\"spacer.default\">\n\t\t\t\t<div class=\"elementor-widget-container\">\n\t\t\t\t\t\t\t<div class=\"elementor-spacer\">\n\t\t\t<div class=\"elementor-spacer-inner\"><\/div>\n\t\t<\/div>\n\t\t\t\t\t\t<\/div>\n\t\t\t\t<\/div>\n\t\t\t\t\t<\/div>\n\t\t\t\t<\/div>\n\t\t\t\t\t<\/div>\n\t\t<\/div>\n\t\t\t\t<div class=\"elementor-column elementor-col-33 elementor-inner-column elementor-element elementor-element-943d3f9 elementor-hidden-tablet\" data-id=\"943d3f9\" data-element_type=\"column\" data-e-type=\"column\">\n\t\t\t<div class=\"elementor-widget-wrap elementor-element-populated\">\n\t\t\t\t<div class=\"elementor-element elementor-element-d4c1514 e-flex e-con-boxed e-con e-parent\" data-id=\"d4c1514\" data-element_type=\"container\" data-e-type=\"container\" data-settings=\"{&quot;background_background&quot;:&quot;classic&quot;}\">\n\t\t\t\t\t<div class=\"e-con-inner\">\n\t\t\t\t<div class=\"elementor-element elementor-element-92212fb elementor-widget elementor-widget-spacer\" data-id=\"92212fb\" data-element_type=\"widget\" data-e-type=\"widget\" data-widget_type=\"spacer.default\">\n\t\t\t\t<div class=\"elementor-widget-container\">\n\t\t\t\t\t\t\t<div class=\"elementor-spacer\">\n\t\t\t<div class=\"elementor-spacer-inner\"><\/div>\n\t\t<\/div>\n\t\t\t\t\t\t<\/div>\n\t\t\t\t<\/div>\n\t\t\t\t\t<\/div>\n\t\t\t\t<\/div>\n\t\t<div class=\"elementor-element elementor-element-dfa4481 e-flex e-con-boxed e-con e-parent\" data-id=\"dfa4481\" data-element_type=\"container\" data-e-type=\"container\" data-settings=\"{&quot;background_background&quot;:&quot;classic&quot;}\">\n\t\t\t\t\t<div class=\"e-con-inner\">\n\t\t\t\t<div class=\"elementor-element elementor-element-8285c9c elementor-widget elementor-widget-spacer\" data-id=\"8285c9c\" data-element_type=\"widget\" data-e-type=\"widget\" data-widget_type=\"spacer.default\">\n\t\t\t\t<div class=\"elementor-widget-container\">\n\t\t\t\t\t\t\t<div class=\"elementor-spacer\">\n\t\t\t<div class=\"elementor-spacer-inner\"><\/div>\n\t\t<\/div>\n\t\t\t\t\t\t<\/div>\n\t\t\t\t<\/div>\n\t\t\t\t\t<\/div>\n\t\t\t\t<\/div>\n\t\t\t\t\t<\/div>\n\t\t<\/div>\n\t\t\t\t\t<\/div>\n\t\t<\/section>\n\t\t\t\t\t<\/div>\n\t\t<\/div>\n\t\t\t\t\t<\/div>\n\t\t<\/section>\n\t\t\t\t<section class=\"elementor-section elementor-top-section elementor-element elementor-element-826b784 elementor-section-stretched elementor-section-boxed elementor-section-height-default elementor-section-height-default\" data-id=\"826b784\" data-element_type=\"section\" data-e-type=\"section\" data-settings=\"{&quot;stretch_section&quot;:&quot;section-stretched&quot;}\">\n\t\t\t\t\t\t<div class=\"elementor-container elementor-column-gap-no\">\n\t\t\t\t\t<div class=\"elementor-column elementor-col-100 elementor-top-column elementor-element elementor-element-bf10483\" data-id=\"bf10483\" data-element_type=\"column\" data-e-type=\"column\">\n\t\t\t<div class=\"elementor-widget-wrap elementor-element-populated\">\n\t\t\t\t\t\t<section class=\"elementor-section elementor-inner-section elementor-element elementor-element-c30eebf elementor-reverse-mobile elementor-section-boxed elementor-section-height-default elementor-section-height-default\" data-id=\"c30eebf\" data-element_type=\"section\" data-e-type=\"section\">\n\t\t\t\t\t\t<div class=\"elementor-container elementor-column-gap-default\">\n\t\t\t\t\t<div class=\"elementor-column elementor-col-33 elementor-inner-column elementor-element elementor-element-d2bd5e2 elementor-hidden-tablet\" data-id=\"d2bd5e2\" data-element_type=\"column\" data-e-type=\"column\">\n\t\t\t<div class=\"elementor-widget-wrap elementor-element-populated\">\n\t\t\t\t\t\t<div class=\"elementor-element elementor-element-7ed40ab elementor-widget elementor-widget-image\" data-id=\"7ed40ab\" data-element_type=\"widget\" data-e-type=\"widget\" data-widget_type=\"image.default\">\n\t\t\t\t<div class=\"elementor-widget-container\">\n\t\t\t\t\t\t\t\t\t\t\t\t\t\t\t<img decoding=\"async\" width=\"812\" height=\"1057\" data-src=\"https:\/\/galeragroup.com\/wp-content\/uploads\/2025\/02\/indicative-design.pdf-image-038-e1740130012601.webp\" class=\"attachment-full size-full wp-image-28062 lazyload\" alt=\"Golf en Zaragoza\" data-srcset=\"https:\/\/galeragroup.com\/wp-content\/uploads\/2025\/02\/indicative-design.pdf-image-038-e1740130012601.webp 812w, https:\/\/galeragroup.com\/wp-content\/uploads\/2025\/02\/indicative-design.pdf-image-038-e1740130012601-230x300.webp 230w, https:\/\/galeragroup.com\/wp-content\/uploads\/2025\/02\/indicative-design.pdf-image-038-e1740130012601-787x1024.webp 787w, https:\/\/galeragroup.com\/wp-content\/uploads\/2025\/02\/indicative-design.pdf-image-038-e1740130012601-768x1000.webp 768w, https:\/\/galeragroup.com\/wp-content\/uploads\/2025\/02\/indicative-design.pdf-image-038-e1740130012601-370x482.webp 370w, https:\/\/galeragroup.com\/wp-content\/uploads\/2025\/02\/indicative-design.pdf-image-038-e1740130012601-410x534.webp 410w, https:\/\/galeragroup.com\/wp-content\/uploads\/2025\/02\/indicative-design.pdf-image-038-e1740130012601-600x781.webp 600w\" data-sizes=\"(max-width: 812px) 100vw, 812px\" src=\"data:image\/svg+xml;base64,PHN2ZyB3aWR0aD0iMSIgaGVpZ2h0PSIxIiB4bWxucz0iaHR0cDovL3d3dy53My5vcmcvMjAwMC9zdmciPjwvc3ZnPg==\" style=\"--smush-placeholder-width: 812px; --smush-placeholder-aspect-ratio: 812\/1057;\" \/>\t\t\t\t\t\t\t\t\t\t\t\t\t\t\t<\/div>\n\t\t\t\t<\/div>\n\t\t\t\t\t<\/div>\n\t\t<\/div>\n\t\t\t\t<div class=\"elementor-column elementor-col-33 elementor-inner-column elementor-element elementor-element-72e25db\" data-id=\"72e25db\" data-element_type=\"column\" data-e-type=\"column\">\n\t\t\t<div class=\"elementor-widget-wrap elementor-element-populated\">\n\t\t\t\t\t\t<div class=\"elementor-element elementor-element-f603eff elementor-widget elementor-widget-image\" data-id=\"f603eff\" data-element_type=\"widget\" data-e-type=\"widget\" data-widget_type=\"image.default\">\n\t\t\t\t<div class=\"elementor-widget-container\">\n\t\t\t\t\t\t\t\t\t\t\t\t\t\t\t<img decoding=\"async\" width=\"800\" height=\"451\" data-src=\"https:\/\/galeragroup.com\/wp-content\/uploads\/2025\/02\/indicative-design.pdf-image-034-1024x577.webp\" class=\"attachment-large size-large wp-image-28068 lazyload\" alt=\"\" data-srcset=\"https:\/\/galeragroup.com\/wp-content\/uploads\/2025\/02\/indicative-design.pdf-image-034-1024x577.webp 1024w, https:\/\/galeragroup.com\/wp-content\/uploads\/2025\/02\/indicative-design.pdf-image-034-300x169.webp 300w, https:\/\/galeragroup.com\/wp-content\/uploads\/2025\/02\/indicative-design.pdf-image-034-768x433.webp 768w, https:\/\/galeragroup.com\/wp-content\/uploads\/2025\/02\/indicative-design.pdf-image-034-370x208.webp 370w, https:\/\/galeragroup.com\/wp-content\/uploads\/2025\/02\/indicative-design.pdf-image-034-840x473.webp 840w, https:\/\/galeragroup.com\/wp-content\/uploads\/2025\/02\/indicative-design.pdf-image-034-410x231.webp 410w, https:\/\/galeragroup.com\/wp-content\/uploads\/2025\/02\/indicative-design.pdf-image-034-600x338.webp 600w, https:\/\/galeragroup.com\/wp-content\/uploads\/2025\/02\/indicative-design.pdf-image-034-270x152.webp 270w, https:\/\/galeragroup.com\/wp-content\/uploads\/2025\/02\/indicative-design.pdf-image-034.webp 1200w\" data-sizes=\"(max-width: 800px) 100vw, 800px\" src=\"data:image\/svg+xml;base64,PHN2ZyB3aWR0aD0iMSIgaGVpZ2h0PSIxIiB4bWxucz0iaHR0cDovL3d3dy53My5vcmcvMjAwMC9zdmciPjwvc3ZnPg==\" style=\"--smush-placeholder-width: 800px; --smush-placeholder-aspect-ratio: 800\/451;\">\t\t\t\t\t\t\t\t\t\t\t\t\t\t\t<\/div>\n\t\t\t\t<\/div>\n\t\t\t\t<div class=\"elementor-element elementor-element-01336d0 elementor-widget elementor-widget-image\" data-id=\"01336d0\" data-element_type=\"widget\" data-e-type=\"widget\" data-widget_type=\"image.default\">\n\t\t\t\t<div class=\"elementor-widget-container\">\n\t\t\t\t\t\t\t\t\t\t\t\t\t\t\t<img decoding=\"async\" width=\"825\" height=\"564\" data-src=\"https:\/\/galeragroup.com\/wp-content\/uploads\/2025\/02\/indicative-design.pdf-image-037-e1740129900523.webp\" class=\"attachment-full size-full wp-image-28066 lazyload\" alt=\"\" data-srcset=\"https:\/\/galeragroup.com\/wp-content\/uploads\/2025\/02\/indicative-design.pdf-image-037-e1740129900523.webp 825w, https:\/\/galeragroup.com\/wp-content\/uploads\/2025\/02\/indicative-design.pdf-image-037-e1740129900523-300x205.webp 300w, https:\/\/galeragroup.com\/wp-content\/uploads\/2025\/02\/indicative-design.pdf-image-037-e1740129900523-768x525.webp 768w, https:\/\/galeragroup.com\/wp-content\/uploads\/2025\/02\/indicative-design.pdf-image-037-e1740129900523-370x253.webp 370w, https:\/\/galeragroup.com\/wp-content\/uploads\/2025\/02\/indicative-design.pdf-image-037-e1740129900523-410x280.webp 410w, https:\/\/galeragroup.com\/wp-content\/uploads\/2025\/02\/indicative-design.pdf-image-037-e1740129900523-600x410.webp 600w\" data-sizes=\"(max-width: 825px) 100vw, 825px\" src=\"data:image\/svg+xml;base64,PHN2ZyB3aWR0aD0iMSIgaGVpZ2h0PSIxIiB4bWxucz0iaHR0cDovL3d3dy53My5vcmcvMjAwMC9zdmciPjwvc3ZnPg==\" style=\"--smush-placeholder-width: 825px; --smush-placeholder-aspect-ratio: 825\/564;\">\t\t\t\t\t\t\t\t\t\t\t\t\t\t\t<\/div>\n\t\t\t\t<\/div>\n\t\t\t\t\t<\/div>\n\t\t<\/div>\n\t\t\t\t<div class=\"elementor-column elementor-col-33 elementor-inner-column elementor-element elementor-element-7a4d6e0\" data-id=\"7a4d6e0\" data-element_type=\"column\" data-e-type=\"column\">\n\t\t\t<div class=\"elementor-widget-wrap elementor-element-populated\">\n\t\t\t\t\t\t<section class=\"elementor-section elementor-inner-section elementor-element elementor-element-e9c480e elementor-section-boxed elementor-section-height-default elementor-section-height-default\" data-id=\"e9c480e\" data-element_type=\"section\" data-e-type=\"section\">\n\t\t\t\t\t\t<div class=\"elementor-container elementor-column-gap-default\">\n\t\t\t\t\t<div class=\"elementor-column elementor-col-100 elementor-inner-column elementor-element elementor-element-b69a0a6\" data-id=\"b69a0a6\" data-element_type=\"column\" data-e-type=\"column\">\n\t\t\t<div class=\"elementor-widget-wrap elementor-element-populated\">\n\t\t\t\t\t\t<div class=\"elementor-element elementor-element-681cd1a elementor-widget elementor-widget-heading\" data-id=\"681cd1a\" data-element_type=\"widget\" data-e-type=\"widget\" data-widget_type=\"heading.default\">\n\t\t\t\t<div class=\"elementor-widget-container\">\n\t\t\t\t\t<h3 class=\"elementor-heading-title elementor-size-default\">TORNEJOS PROFESSIONALS<\/h3>\t\t\t\t<\/div>\n\t\t\t\t<\/div>\n\t\t\t\t<div class=\"elementor-element elementor-element-5196308 elementor-widget elementor-widget-text-editor\" data-id=\"5196308\" data-element_type=\"widget\" data-e-type=\"widget\" data-widget_type=\"text-editor.default\">\n\t\t\t\t<div class=\"elementor-widget-container\">\n\t\t\t\t\t\t\t\t\t<p>Competicions d&#8217;alt nivell que reuneixen els millors golfistes en un entorn exigent.<\/p>\t\t\t\t\t\t\t\t<\/div>\n\t\t\t\t<\/div>\n\t\t\t\t<div class=\"elementor-element elementor-element-35c9c81 elementor-align-center elementor-widget elementor-widget-button\" data-id=\"35c9c81\" data-element_type=\"widget\" data-e-type=\"widget\" data-widget_type=\"button.default\">\n\t\t\t\t<div class=\"elementor-widget-container\">\n\t\t\t\t\t\t\t\t\t<div class=\"elementor-button-wrapper\">\n\t\t\t\t\t<a class=\"elementor-button elementor-button-link elementor-size-sm\" href=\"https:\/\/galeragroup.com\/ca\/gambito-golf\/tornejos-professionals\/\">\n\t\t\t\t\t\t<span class=\"elementor-button-content-wrapper\">\n\t\t\t\t\t\t\t\t\t<span class=\"elementor-button-text\">SABER M\u00c9S<\/span>\n\t\t\t\t\t<\/span>\n\t\t\t\t\t<\/a>\n\t\t\t\t<\/div>\n\t\t\t\t\t\t\t\t<\/div>\n\t\t\t\t<\/div>\n\t\t\t\t\t<\/div>\n\t\t<\/div>\n\t\t\t\t\t<\/div>\n\t\t<\/section>\n\t\t\t\t<div class=\"elementor-element elementor-element-f322af2 elementor-widget elementor-widget-image\" data-id=\"f322af2\" data-element_type=\"widget\" data-e-type=\"widget\" data-widget_type=\"image.default\">\n\t\t\t\t<div class=\"elementor-widget-container\">\n\t\t\t\t\t\t\t\t\t\t\t\t\t\t\t<img decoding=\"async\" width=\"1110\" height=\"675\" data-src=\"https:\/\/galeragroup.com\/wp-content\/uploads\/2025\/02\/indicative-design.pdf-image-035-1-e1740391630793.webp\" class=\"attachment-full size-full wp-image-28064 lazyload\" alt=\"\" data-srcset=\"https:\/\/galeragroup.com\/wp-content\/uploads\/2025\/02\/indicative-design.pdf-image-035-1-e1740391630793.webp 1110w, https:\/\/galeragroup.com\/wp-content\/uploads\/2025\/02\/indicative-design.pdf-image-035-1-e1740391630793-300x182.webp 300w, https:\/\/galeragroup.com\/wp-content\/uploads\/2025\/02\/indicative-design.pdf-image-035-1-e1740391630793-1024x623.webp 1024w, https:\/\/galeragroup.com\/wp-content\/uploads\/2025\/02\/indicative-design.pdf-image-035-1-e1740391630793-768x467.webp 768w\" data-sizes=\"(max-width: 1110px) 100vw, 1110px\" src=\"data:image\/svg+xml;base64,PHN2ZyB3aWR0aD0iMSIgaGVpZ2h0PSIxIiB4bWxucz0iaHR0cDovL3d3dy53My5vcmcvMjAwMC9zdmciPjwvc3ZnPg==\" style=\"--smush-placeholder-width: 1110px; --smush-placeholder-aspect-ratio: 1110\/675;\">\t\t\t\t\t\t\t\t\t\t\t\t\t\t\t<\/div>\n\t\t\t\t<\/div>\n\t\t\t\t\t<\/div>\n\t\t<\/div>\n\t\t\t\t\t<\/div>\n\t\t<\/section>\n\t\t\t\t\t<\/div>\n\t\t<\/div>\n\t\t\t\t\t<\/div>\n\t\t<\/section>\n\t\t\t\t<\/div>\n\t\t","protected":false},"excerpt":{"rendered":"<p>A GAMBITO GOLF ENS ESPECIALITZEM EN M\u00c0RQUETING ESPORTIU AMB M\u00c9S DE 20 ANYS D&#8217;EXPERI\u00c8NCIA EN ORGANITZACI\u00d3 DE TORNEJOS I ESDEVENIMENTS RELACIONATS AMB EL M\u00d3N DEL GOLF I AMB UNA MITJANA ANUAL DE M\u00c9S DE 10.000 JUGADORS. CIRCUIT AMATEUR Circuit Premium Mahou San Miguel, 41 proves disputades al llarg de tot el territori nacional. SABER M\u00c9S [&hellip;]<\/p>\n","protected":false},"author":2,"featured_media":0,"parent":0,"menu_order":0,"comment_status":"closed","ping_status":"closed","template":"elementor_header_footer","meta":{"_acf_changed":false,"footnotes":""},"class_list":["post-29944","page","type-page","status-publish","hentry"],"acf":[],"_links":{"self":[{"href":"https:\/\/galeragroup.com\/ca\/wp-json\/wp\/v2\/pages\/29944","targetHints":{"allow":["GET"]}}],"collection":[{"href":"https:\/\/galeragroup.com\/ca\/wp-json\/wp\/v2\/pages"}],"about":[{"href":"https:\/\/galeragroup.com\/ca\/wp-json\/wp\/v2\/types\/page"}],"author":[{"embeddable":true,"href":"https:\/\/galeragroup.com\/ca\/wp-json\/wp\/v2\/users\/2"}],"replies":[{"embeddable":true,"href":"https:\/\/galeragroup.com\/ca\/wp-json\/wp\/v2\/comments?post=29944"}],"version-history":[{"count":6,"href":"https:\/\/galeragroup.com\/ca\/wp-json\/wp\/v2\/pages\/29944\/revisions"}],"predecessor-version":[{"id":33105,"href":"https:\/\/galeragroup.com\/ca\/wp-json\/wp\/v2\/pages\/29944\/revisions\/33105"}],"wp:attachment":[{"href":"https:\/\/galeragroup.com\/ca\/wp-json\/wp\/v2\/media?parent=29944"}],"curies":[{"name":"wp","href":"https:\/\/api.w.org\/{rel}","templated":true}]}}