{"id":29542,"date":"2025-03-23T14:21:24","date_gmt":"2025-03-23T14:21:24","guid":{"rendered":"https:\/\/galeragroup.com\/grups-i-esdeveniments-11\/"},"modified":"2026-01-30T07:57:26","modified_gmt":"2026-01-30T07:57:26","slug":"grups-i-esdeveniments","status":"publish","type":"page","link":"https:\/\/galeragroup.com\/ca\/restaurants\/barcelona\/cuatro-makis\/grups-i-esdeveniments\/","title":{"rendered":"GRUPS I ESDEVENIMENTS"},"content":{"rendered":"\t\t<div data-elementor-type=\"wp-page\" data-elementor-id=\"29542\" class=\"elementor elementor-29542 elementor-24312\" data-elementor-post-type=\"page\">\n\t\t\t\t<div class=\"elementor-element elementor-element-45ad45b e-flex e-con-boxed e-con e-parent\" data-id=\"45ad45b\" data-element_type=\"container\" data-e-type=\"container\">\n\t\t\t\t\t<div class=\"e-con-inner\">\n\t\t\t\t<div class=\"elementor-element elementor-element-052e7f1 elementor-widget elementor-widget-heading\" data-id=\"052e7f1\" data-element_type=\"widget\" data-e-type=\"widget\" data-widget_type=\"heading.default\">\n\t\t\t\t<div class=\"elementor-widget-container\">\n\t\t\t\t\t<h2 class=\"elementor-heading-title elementor-size-default\">GRUPS I ESDEVENIMENTS<\/h2>\t\t\t\t<\/div>\n\t\t\t\t<\/div>\n\t\t\t\t\t<\/div>\n\t\t\t\t<\/div>\n\t\t<div class=\"elementor-element elementor-element-1420480 e-flex e-con-boxed e-con e-parent\" data-id=\"1420480\" data-element_type=\"container\" data-e-type=\"container\">\n\t\t\t\t\t<div class=\"e-con-inner\">\n\t\t<div class=\"elementor-element elementor-element-bc7b710 e-con-full e-flex e-con e-child\" data-id=\"bc7b710\" data-element_type=\"container\" data-e-type=\"container\">\n\t\t\t\t<div class=\"elementor-element elementor-element-2b24535 elementor-widget elementor-widget-image\" data-id=\"2b24535\" data-element_type=\"widget\" data-e-type=\"widget\" data-widget_type=\"image.default\">\n\t\t\t\t<div class=\"elementor-widget-container\">\n\t\t\t\t\t\t\t\t\t\t\t\t\t\t\t<img fetchpriority=\"high\" decoding=\"async\" width=\"1494\" height=\"262\" src=\"https:\/\/galeragroup.com\/wp-content\/uploads\/2025\/06\/Captura-de-pantalla-2025-06-20-a-las-10.31.42.png\" class=\"attachment-full size-full wp-image-38329\" alt=\"\" srcset=\"https:\/\/galeragroup.com\/wp-content\/uploads\/2025\/06\/Captura-de-pantalla-2025-06-20-a-las-10.31.42.png 1494w, https:\/\/galeragroup.com\/wp-content\/uploads\/2025\/06\/Captura-de-pantalla-2025-06-20-a-las-10.31.42-300x53.png 300w, https:\/\/galeragroup.com\/wp-content\/uploads\/2025\/06\/Captura-de-pantalla-2025-06-20-a-las-10.31.42-1024x180.png 1024w, https:\/\/galeragroup.com\/wp-content\/uploads\/2025\/06\/Captura-de-pantalla-2025-06-20-a-las-10.31.42-768x135.png 768w\" sizes=\"(max-width: 1494px) 100vw, 1494px\">\t\t\t\t\t\t\t\t\t\t\t\t\t\t\t<\/div>\n\t\t\t\t<\/div>\n\t\t\t\t<div class=\"elementor-element elementor-element-0b1fdf6 elementor-align-justify elementor-widget__width-inherit elementor-widget elementor-widget-button\" data-id=\"0b1fdf6\" data-element_type=\"widget\" data-e-type=\"widget\" data-widget_type=\"button.default\">\n\t\t\t\t<div class=\"elementor-widget-container\">\n\t\t\t\t\t\t\t\t\t<div class=\"elementor-button-wrapper\">\n\t\t\t\t\t<a class=\"elementor-button elementor-button-link elementor-size-sm\" href=\"https:\/\/galeragroup.com\/wp-content\/uploads\/2025\/07\/MENU-GRUPOS-4-MAKIS-BCN-CAT.pdf%20\" target=\"_blank\">\n\t\t\t\t\t\t<span class=\"elementor-button-content-wrapper\">\n\t\t\t\t\t\t\t\t\t<span class=\"elementor-button-text\">Consulta els nostres men\u00fas<\/span>\n\t\t\t\t\t<\/span>\n\t\t\t\t\t<\/a>\n\t\t\t\t<\/div>\n\t\t\t\t\t\t\t\t<\/div>\n\t\t\t\t<\/div>\n\t\t\t\t<div class=\"elementor-element elementor-element-6022e7d elementor-button-align-stretch elementor-widget elementor-widget-form\" data-id=\"6022e7d\" data-element_type=\"widget\" data-e-type=\"widget\" data-settings=\"{&quot;step_next_label&quot;:&quot;Seg\\u00fcent&quot;,&quot;step_previous_label&quot;:&quot;Anterior&quot;,&quot;button_width&quot;:&quot;100&quot;,&quot;step_type&quot;:&quot;number_text&quot;,&quot;step_icon_shape&quot;:&quot;circle&quot;}\" data-widget_type=\"form.default\">\n\t\t\t\t<div class=\"elementor-widget-container\">\n\t\t\t\t\t\t\t<form class=\"elementor-form\" method=\"post\" name=\"New Form\" aria-label=\"New Form\">\n\t\t\t<input type=\"hidden\" name=\"post_id\" value=\"29542\"\/>\n\t\t\t<input type=\"hidden\" name=\"form_id\" value=\"6022e7d\"\/>\n\t\t\t<input type=\"hidden\" name=\"referer_title\" value=\"Grups i esdeveniments - Galera Group\" \/>\n\n\t\t\t\t\t\t\t<input type=\"hidden\" name=\"queried_id\" value=\"29542\"\/>\n\t\t\t\n\t\t\t<div class=\"elementor-form-fields-wrapper elementor-labels-above\">\n\t\t\t\t\t\t\t\t<div class=\"elementor-field-type-text elementor-field-group elementor-column elementor-field-group-name elementor-col-50 elementor-field-required elementor-mark-required\">\n\t\t\t\t\t\t\t\t\t\t\t\t<label for=\"form-field-name\" class=\"elementor-field-label\">\n\t\t\t\t\t\t\t\tNom i cognoms\t\t\t\t\t\t\t<\/label>\n\t\t\t\t\t\t\t\t\t\t\t\t\t\t<input size=\"1\" type=\"text\" name=\"form_fields[name]\" id=\"form-field-name\" class=\"elementor-field elementor-size-sm  elementor-field-textual\" required=\"required\">\n\t\t\t\t\t\t\t\t\t\t\t<\/div>\n\t\t\t\t\t\t\t\t<div class=\"elementor-field-type-email elementor-field-group elementor-column elementor-field-group-field_a58a640 elementor-col-50 elementor-field-required elementor-mark-required\">\n\t\t\t\t\t\t\t\t\t\t\t\t<label for=\"form-field-field_a58a640\" class=\"elementor-field-label\">\n\t\t\t\t\t\t\t\tEmail\t\t\t\t\t\t\t<\/label>\n\t\t\t\t\t\t\t\t\t\t\t\t\t\t<input size=\"1\" type=\"email\" name=\"form_fields[field_a58a640]\" id=\"form-field-field_a58a640\" class=\"elementor-field elementor-size-sm  elementor-field-textual\" required=\"required\">\n\t\t\t\t\t\t\t\t\t\t\t<\/div>\n\t\t\t\t\t\t\t\t<div class=\"elementor-field-type-text elementor-field-group elementor-column elementor-field-group-field_268909c elementor-col-33 elementor-field-required elementor-mark-required\">\n\t\t\t\t\t\t\t\t\t\t\t\t<label for=\"form-field-field_268909c\" class=\"elementor-field-label\">\n\t\t\t\t\t\t\t\tTel\u00e8fon\t\t\t\t\t\t\t<\/label>\n\t\t\t\t\t\t\t\t\t\t\t\t\t\t<input size=\"1\" type=\"text\" name=\"form_fields[field_268909c]\" id=\"form-field-field_268909c\" class=\"elementor-field elementor-size-sm  elementor-field-textual\" required=\"required\">\n\t\t\t\t\t\t\t\t\t\t\t<\/div>\n\t\t\t\t\t\t\t\t<div class=\"elementor-field-type-date elementor-field-group elementor-column elementor-field-group-field_771e5be elementor-col-33 elementor-field-required elementor-mark-required\">\n\t\t\t\t\t\t\t\t\t\t\t\t<label for=\"form-field-field_771e5be\" class=\"elementor-field-label\">\n\t\t\t\t\t\t\t\tData\t\t\t\t\t\t\t<\/label>\n\t\t\t\t\t\t\n\t\t<input type=\"date\" name=\"form_fields[field_771e5be]\" id=\"form-field-field_771e5be\" class=\"elementor-field elementor-size-sm  elementor-field-textual elementor-date-field\" required=\"required\" pattern=\"[0-9]{4}-[0-9]{2}-[0-9]{2}\">\n\t\t\t\t\t\t<\/div>\n\t\t\t\t\t\t\t\t<div class=\"elementor-field-type-time elementor-field-group elementor-column elementor-field-group-field_e6af310 elementor-col-33 elementor-field-required elementor-mark-required\">\n\t\t\t\t\t\t\t\t\t\t\t\t<label for=\"form-field-field_e6af310\" class=\"elementor-field-label\">\n\t\t\t\t\t\t\t\tHora\t\t\t\t\t\t\t<\/label>\n\t\t\t\t\t\t\t\t<input type=\"time\" name=\"form_fields[field_e6af310]\" id=\"form-field-field_e6af310\" class=\"elementor-field elementor-size-sm  elementor-field-textual elementor-time-field elementor-use-native\" placeholder=\"Hora\" required=\"required\">\n\t\t\t\t\t\t<\/div>\n\t\t\t\t\t\t\t\t<div class=\"elementor-field-type-select elementor-field-group elementor-column elementor-field-group-field_cb4ac53 elementor-col-50 elementor-field-required elementor-mark-required\">\n\t\t\t\t\t\t\t\t\t\t\t\t<label for=\"form-field-field_cb4ac53\" class=\"elementor-field-label\">\n\t\t\t\t\t\t\t\tTipus de men\u00fa\t\t\t\t\t\t\t<\/label>\n\t\t\t\t\t\t\t\t<div class=\"elementor-field elementor-select-wrapper remove-before \">\n\t\t\t<div class=\"select-caret-down-wrapper\">\n\t\t\t\t<i aria-hidden=\"true\" class=\"eicon-caret-down\"><\/i>\t\t\t<\/div>\n\t\t\t<select name=\"form_fields[field_cb4ac53]\" id=\"form-field-field_cb4ac53\" class=\"elementor-field-textual elementor-size-sm\" required=\"required\">\n\t\t\t\t\t\t\t\t\t<option value=\"* Escollir*\">* Escollir*<\/option>\n\t\t\t\t\t\t\t\t\t<option value=\"Nakama\">Nakama<\/option>\n\t\t\t\t\t\t\t\t\t<option value=\"Kizuna\">Kizuna<\/option>\n\t\t\t\t\t\t\t<\/select>\n\t\t<\/div>\n\t\t\t\t\t\t<\/div>\n\t\t\t\t\t\t\t\t<div class=\"elementor-field-type-number elementor-field-group elementor-column elementor-field-group-field_182f214 elementor-col-50 elementor-field-required elementor-mark-required\">\n\t\t\t\t\t\t\t\t\t\t\t\t<label for=\"form-field-field_182f214\" class=\"elementor-field-label\">\n\t\t\t\t\t\t\t\tNombre de persones\t\t\t\t\t\t\t<\/label>\n\t\t\t\t\t\t\t\t\t<input type=\"number\" name=\"form_fields[field_182f214]\" id=\"form-field-field_182f214\" class=\"elementor-field elementor-size-sm  elementor-field-textual\" required=\"required\" min=\"1\" max=\"50\" >\n\t\t\t\t\t\t<\/div>\n\t\t\t\t\t\t\t\t<div class=\"elementor-field-type-textarea elementor-field-group elementor-column elementor-field-group-field_368245c elementor-col-100\">\n\t\t\t\t\t\t\t\t\t\t\t\t<label for=\"form-field-field_368245c\" class=\"elementor-field-label\">\n\t\t\t\t\t\t\t\tObservacions\t\t\t\t\t\t\t<\/label>\n\t\t\t\t\t\t<textarea class=\"elementor-field-textual elementor-field  elementor-size-sm\" name=\"form_fields[field_368245c]\" id=\"form-field-field_368245c\" rows=\"2\"><\/textarea>\t\t\t\t<\/div>\n\t\t\t\t\t\t\t\t<div class=\"elementor-field-type-acceptance elementor-field-group elementor-column elementor-field-group-field_5de1a4e elementor-col-100 elementor-field-required elementor-mark-required\">\n\t\t\t\t\t\t\t<div class=\"elementor-field-subgroup\">\n\t\t\t<span class=\"elementor-field-option\">\n\t\t\t\t<input type=\"checkbox\" name=\"form_fields[field_5de1a4e]\" id=\"form-field-field_5de1a4e\" class=\"elementor-field elementor-size-sm  elementor-acceptance-field\" required=\"required\">\n\t\t\t\t<label for=\"form-field-field_5de1a4e\">He llegit i accepto l'av\u00eds legal i les condicions d'\u00fas i la pol\u00edtica de privadesa.<\/label>\t\t\t<\/span>\n\t\t<\/div>\n\t\t\t\t\t\t<\/div>\n\t\t\t\t\t\t\t\t<div class=\"elementor-field-group elementor-column elementor-field-type-submit elementor-col-100 e-form__buttons\">\n\t\t\t\t\t<button class=\"elementor-button elementor-size-sm\" type=\"submit\">\n\t\t\t\t\t\t<span class=\"elementor-button-content-wrapper\">\n\t\t\t\t\t\t\t\t\t\t\t\t\t\t\t\t\t\t\t\t\t\t<span class=\"elementor-button-text\">Enviar<\/span>\n\t\t\t\t\t\t\t\t\t\t\t\t\t<\/span>\n\t\t\t\t\t<\/button>\n\t\t\t\t<\/div>\n\t\t\t<\/div>\n\t\t<\/form>\n\t\t\t\t\t\t<\/div>\n\t\t\t\t<\/div>\n\t\t\t\t<\/div>\n\t\t<div class=\"elementor-element elementor-element-d155153 e-con-full e-flex e-con e-child\" data-id=\"d155153\" data-element_type=\"container\" data-e-type=\"container\" data-settings=\"{&quot;background_background&quot;:&quot;classic&quot;}\">\n\t\t\t\t<div class=\"elementor-element elementor-element-afc27c6 elementor-widget elementor-widget-spacer\" data-id=\"afc27c6\" data-element_type=\"widget\" data-e-type=\"widget\" data-widget_type=\"spacer.default\">\n\t\t\t\t<div class=\"elementor-widget-container\">\n\t\t\t\t\t\t\t<div class=\"elementor-spacer\">\n\t\t\t<div class=\"elementor-spacer-inner\"><\/div>\n\t\t<\/div>\n\t\t\t\t\t\t<\/div>\n\t\t\t\t<\/div>\n\t\t\t\t<\/div>\n\t\t\t\t\t<\/div>\n\t\t\t\t<\/div>\n\t\t<div class=\"elementor-element elementor-element-0eaf7ea e-flex e-con-boxed e-con e-parent\" data-id=\"0eaf7ea\" data-element_type=\"container\" data-e-type=\"container\">\n\t\t\t\t\t<div class=\"e-con-inner\">\n\t\t\t\t\t<\/div>\n\t\t\t\t<\/div>\n\t\t\t\t<\/div>\n\t\t","protected":false},"excerpt":{"rendered":"<p>GRUPS I ESDEVENIMENTS Consulta els nostres men\u00fas<\/p>\n","protected":false},"author":2,"featured_media":0,"parent":29998,"menu_order":0,"comment_status":"closed","ping_status":"closed","template":"","meta":{"_acf_changed":false,"footnotes":""},"class_list":["post-29542","page","type-page","status-publish","hentry"],"acf":[],"_links":{"self":[{"href":"https:\/\/galeragroup.com\/ca\/wp-json\/wp\/v2\/pages\/29542","targetHints":{"allow":["GET"]}}],"collection":[{"href":"https:\/\/galeragroup.com\/ca\/wp-json\/wp\/v2\/pages"}],"about":[{"href":"https:\/\/galeragroup.com\/ca\/wp-json\/wp\/v2\/types\/page"}],"author":[{"embeddable":true,"href":"https:\/\/galeragroup.com\/ca\/wp-json\/wp\/v2\/users\/2"}],"replies":[{"embeddable":true,"href":"https:\/\/galeragroup.com\/ca\/wp-json\/wp\/v2\/comments?post=29542"}],"version-history":[{"count":32,"href":"https:\/\/galeragroup.com\/ca\/wp-json\/wp\/v2\/pages\/29542\/revisions"}],"predecessor-version":[{"id":55742,"href":"https:\/\/galeragroup.com\/ca\/wp-json\/wp\/v2\/pages\/29542\/revisions\/55742"}],"up":[{"embeddable":true,"href":"https:\/\/galeragroup.com\/ca\/wp-json\/wp\/v2\/pages\/29998"}],"wp:attachment":[{"href":"https:\/\/galeragroup.com\/ca\/wp-json\/wp\/v2\/media?parent=29542"}],"curies":[{"name":"wp","href":"https:\/\/api.w.org\/{rel}","templated":true}]}}